{"id":969,"date":"2012-07-24T17:56:00","date_gmt":"2012-07-24T15:56:00","guid":{"rendered":"http:\/\/rcppm.org\/blog\/"},"modified":"2022-03-08T13:04:02","modified_gmt":"2022-03-08T11:04:02","slug":"pour-une-premiere-approche","status":"publish","type":"page","link":"https:\/\/rcppm.org\/blog\/histoire-et-decouverte\/pour-une-premiere-approche\/","title":{"rendered":"Pour une premi\u00e8re approche"},"content":{"rendered":"\n<div style=\"height:56px\" aria-hidden=\"true\" class=\"wp-block-spacer\"><\/div>\n\n\n<h1>Les plafonds peints : <em>qu\u00e9saco<\/em> ?<\/h1>\n<div>&nbsp;<\/div>\n<div>Les plafonds peints m\u00e9di\u00e9vaux apparaissent aux XIIe-XIIIe si\u00e8cles, d&rsquo;abord dans des \u00e9difices religieux et salles \u00e0 caract\u00e8re public, puis dans des espaces domestiques. Ils perdurent jusqu&rsquo;au d\u00e9but du XVIe si\u00e8cle.<\/div>\n<div>&nbsp;<\/div>\n<div>On les trouve notamment en suivant l&rsquo;arc m\u00e9diterran\u00e9en, de l&rsquo;Espagne \u00e0 l&rsquo;Italie, mais aussi en Suisse, Allemagne et Angleterre.<\/div>\n<p><\/p>\n<div>&nbsp;<\/div>\n<div>\n<div id=\"attachment_2393\" style=\"width: 697px\" class=\"wp-caption aligncenter\"><img loading=\"lazy\" decoding=\"async\" aria-describedby=\"caption-attachment-2393\" class=\"wp-image-2393 size-full\" src=\"https:\/\/rcppm.org\/blog\/wp-content\/uploads\/2017\/05\/30032017-FXB_3872.jpeg\" alt=\"\" width=\"687\" height=\"459\" srcset=\"https:\/\/rcppm.org\/blog\/wp-content\/uploads\/2017\/05\/30032017-FXB_3872.jpeg 687w, https:\/\/rcppm.org\/blog\/wp-content\/uploads\/2017\/05\/30032017-FXB_3872-300x200.jpeg 300w, https:\/\/rcppm.org\/blog\/wp-content\/uploads\/2017\/05\/30032017-FXB_3872-449x300.jpeg 449w\" sizes=\"auto, (max-width: 687px) 100vw, 687px\" \/><p id=\"caption-attachment-2393\" class=\"wp-caption-text\">Charpente peinte de la cath\u00e9drale Sainte-Marie de Teruel (Aragon, Espagne), XIIIe si\u00e8cle (\u00a9 Georges Puchal)<\/p><\/div>\n<\/div>\n<div>\n<div id=\"attachment_1918\" style=\"width: 697px\" class=\"wp-caption aligncenter\"><img loading=\"lazy\" decoding=\"async\" aria-describedby=\"caption-attachment-1918\" class=\"wp-image-1918\" src=\"https:\/\/rcppm.org\/blog\/wp-content\/uploads\/2015\/06\/Pomas_poutre3_faceA_08-copie-300x175.jpg\" alt=\"\" width=\"687\" height=\"400\" srcset=\"https:\/\/rcppm.org\/blog\/wp-content\/uploads\/2015\/06\/Pomas_poutre3_faceA_08-copie-300x175.jpg 300w, https:\/\/rcppm.org\/blog\/wp-content\/uploads\/2015\/06\/Pomas_poutre3_faceA_08-copie-768x447.jpg 768w, https:\/\/rcppm.org\/blog\/wp-content\/uploads\/2015\/06\/Pomas_poutre3_faceA_08-copie.jpg 1024w, https:\/\/rcppm.org\/blog\/wp-content\/uploads\/2015\/06\/Pomas_poutre3_faceA_08-copie-500x291.jpg 500w\" sizes=\"auto, (max-width: 687px) 100vw, 687px\" \/><p id=\"caption-attachment-1918\" class=\"wp-caption-text\">Un des closoirs du plafond de Pomas, \u00a9PO Dittmar\/RCPPM<\/p><\/div>\n<\/div>\n<div>&nbsp;<\/div>\n<div>Ils arborent des d\u00e9cors color\u00e9s, repr\u00e9sentant souvent des armoiries, des animaux r\u00e9els ou fantastiques, des petites sc\u00e8nes de la vie quotidienne&#8230; Et sont bien souvent teint\u00e9s d&rsquo;humour !<\/div>\n<div>&nbsp;<\/div>\n<div>\n<div id=\"attachment_4419\" style=\"width: 2410px\" class=\"wp-caption alignnone\"><img loading=\"lazy\" decoding=\"async\" aria-describedby=\"caption-attachment-4419\" class=\"size-full wp-image-4419\" src=\"https:\/\/rcppm.org\/blog\/wp-content\/uploads\/2021\/01\/Montage-closoirs-Capestang.jpg\" alt=\"\" width=\"2400\" height=\"1100\" srcset=\"https:\/\/rcppm.org\/blog\/wp-content\/uploads\/2021\/01\/Montage-closoirs-Capestang.jpg 2400w, https:\/\/rcppm.org\/blog\/wp-content\/uploads\/2021\/01\/Montage-closoirs-Capestang-300x138.jpg 300w, https:\/\/rcppm.org\/blog\/wp-content\/uploads\/2021\/01\/Montage-closoirs-Capestang-768x352.jpg 768w, https:\/\/rcppm.org\/blog\/wp-content\/uploads\/2021\/01\/Montage-closoirs-Capestang-1024x469.jpg 1024w, https:\/\/rcppm.org\/blog\/wp-content\/uploads\/2021\/01\/Montage-closoirs-Capestang-980x450.jpg 980w\" sizes=\"auto, (max-width: 2400px) 100vw, 2400px\" \/><p id=\"caption-attachment-4419\" class=\"wp-caption-text\">S\u00e9lection de closoirs du ch\u00e2teau de Capestang. Ceux du bas sont proches les uns des autres et probablement li\u00e9s. \u00a9Georges Puchal<\/p><\/div>\n<\/div>\n\n\n<div style=\"height:56px\" aria-hidden=\"true\" class=\"wp-block-spacer\"><\/div>\n\n\n\n<h3 class=\"wp-block-heading\">D&rsquo;accord, mais&#8230; c&rsquo;est fait comment ?<\/h3>\n\n\n\n<p>Les plafonds peints sont compos\u00e9s de diff\u00e9rentes pi\u00e8ces de charpenterie : <\/p>\n\n\n\n<div class=\"wp-block-media-text alignwide is-stacked-on-mobile\"><figure class=\"wp-block-media-text__media\"><img loading=\"lazy\" decoding=\"async\" width=\"1007\" height=\"863\" src=\"https:\/\/rcppm.org\/blog\/wp-content\/uploads\/2021\/01\/Sch\u00e9ma-\u00e9l\u00e9ments-plafond-peint.jpg\" alt=\"\" class=\"wp-image-4398 size-full\" srcset=\"https:\/\/rcppm.org\/blog\/wp-content\/uploads\/2021\/01\/Sch\u00e9ma-\u00e9l\u00e9ments-plafond-peint.jpg 1007w, https:\/\/rcppm.org\/blog\/wp-content\/uploads\/2021\/01\/Sch\u00e9ma-\u00e9l\u00e9ments-plafond-peint-300x257.jpg 300w, https:\/\/rcppm.org\/blog\/wp-content\/uploads\/2021\/01\/Sch\u00e9ma-\u00e9l\u00e9ments-plafond-peint-768x658.jpg 768w\" sizes=\"auto, (max-width: 1007px) 100vw, 1007px\" \/><\/figure><div class=\"wp-block-media-text__content\">\n<ul class=\"wp-block-list\"><li><strong>A<\/strong> : Poutre<\/li><li><strong>B<\/strong> : Solive<\/li><li><strong>C<\/strong> : Console<\/li><li><strong>D<\/strong> : Planche de rive<\/li><li><strong>E<\/strong> : Closoir (buget, paredal)<\/li><li><strong>F<\/strong> : Planche de sous-face<\/li><li><strong>G<\/strong> : Linteau couvre-joint<\/li><li><strong>H<\/strong> : Faux couvre-joint<\/li><li><strong>I<\/strong> : Corniche, cimaise<\/li><\/ul>\n\n\n\n<p><em>Vous trouverez davantage de termes \u00e9quivalents dans le <a rel=\"noreferrer noopener\" href=\"https:\/\/rcppm.org\/blog\/pro-et-chercheurs\/vocabulaire\/\" target=\"_blank\">vocabulaire technique<\/a>.<\/em><\/p>\n\n\n\n<p style=\"font-size:12px\">Graphisme \u00a9Charlotte Devanz, sur les indications de Bernard Sournia @Conservation nationale<\/p>\n<\/div><\/div>\n\n\n\n<div style=\"height:20px\" aria-hidden=\"true\" class=\"wp-block-spacer\"><\/div>\n\n\n\n<p>Comme on peut le deviner sur ce sch\u00e9ma, ce qu&rsquo;on appelle \u00ab\u00a0plafond peint\u00a0\u00bb est en r\u00e9alit\u00e9&#8230; Un plancher ! Il s&rsquo;agit du dessous du plancher de l&rsquo;\u00e9tage sup\u00e9rieur. Oui, mais ici, c&rsquo;est l&rsquo;\u00e9tage inf\u00e9rieur qui nous int\u00e9resse, ce qui appara\u00eet comme le plafond de cette pi\u00e8ce, qui n&rsquo;est cependant techniquement pas un plafond&#8230; L&rsquo;appellation plancher ou plafond est un vrai d\u00e9bat. On utilise actuellement le second terme parce qu&rsquo;il est plus courant pour nous, mais  le terme le plus exact serait celui de charpente de plancher. Il existe d&rsquo;autres types de charpentes peintes, comme celles \u00e0 caissons. <\/p>\n\n\n\n<p>Voici le type d&rsquo;assemblage pr\u00e9sent au ch\u00e2teau de Capestang :<\/p>\n<iframe loading=\"lazy\" width=\"560\" height=\"315\" src=\"https:\/\/www.youtube.com\/embed\/CLYMOaHdPKU\" frameborder=\"0\" allow=\"accelerometer; autoplay; clipboard-write; encrypted-media; gyroscope; picture-in-picture\" allowfullscreen=\"\"><\/iframe>\n\n\n\n<p><\/p>\n\n\n\n<div style=\"height:56px\" aria-hidden=\"true\" class=\"wp-block-spacer\"><\/div>\n\n\n\n<h3 class=\"wp-block-heading\">Oui. Mais on parle bien de plafonds <em><strong>peints<\/strong> <\/em>!<\/h3>\n\n\n\n<p>Comment ces plafonds sont-ils peints ? On utilise un m\u00e9lange de pigments (obtenus \u00e0 partir d&rsquo;une plante, d&rsquo;un min\u00e9ral, d&rsquo;insectes&#8230;) dilu\u00e9s dans de l&rsquo;eau et m\u00e9lang\u00e9s \u00e0 un liant (\u0153uf ou colle). Voici quelques exemples de pigments : <\/p>\n\n\n\n<ul class=\"wp-block-list\"><li>\nBleu : indigo\n<\/li><li>\nRouge vif : cochenille\n<\/li><li>\nNoir : charbon\n<\/li><li>\nJaune : orpiment\n<\/li><li>\nVert : cuivre oxyd\u00e9\n<\/li><li>\nRouge brun : ocre\n<\/li><\/ul>\n\n\n\n<div style=\"height:20px\" aria-hidden=\"true\" class=\"wp-block-spacer\"><\/div>\n\n\n\n<p>La r\u00e9alisation du d\u00e9cor se fait pour l&rsquo;essentiel au sol ou sur une table, avant de monter le plafond. Elle suit des \u00e9tapes pr\u00e9cises, comme le montre la vid\u00e9o ci-dessous : <\/p>\n\n\n\n<figure class=\"wp-block-video\"><video height=\"480\" style=\"aspect-ratio: 854 \/ 480;\" width=\"854\" controls src=\"https:\/\/rcppm.org\/blog\/wp-content\/uploads\/2021\/01\/Faire-un-closoir.mp4\"><\/video><\/figure>\n\n\n\n<p class=\"has-text-align-center\">Les \u00e9tapes de la r\u00e9alisation d&rsquo;un closoir. \u00a9Service \u00c9ducatif et Patrimoine Sud-H\u00e9rault. Artiste Michel H\u00e9brard, graphisme et montage L\u00e9a Torterotot.<\/p>\n\n\n\n<div style=\"height:20px\" aria-hidden=\"true\" class=\"wp-block-spacer\"><\/div>\n\n\n\n<p>Le d\u00e9cor du plafond se combine avec celui des murs et des sols. Les closoirs sont tout particuli\u00e8rement travaill\u00e9s, ce sont eux qui portent les d\u00e9cors les plus complexes.<\/p>\n\n\n\n<p><\/p>\n\n\n\n<div style=\"height:56px\" aria-hidden=\"true\" class=\"wp-block-spacer\"><\/div>\n\n\n\n<h3 class=\"wp-block-heading\">Pour continuer<\/h3>\n\n\n\n<p>Curieux d&rsquo;en savoir plus ? Sur notre site, vous pouvez <a rel=\"noreferrer noopener\" href=\"https:\/\/rcppm.org\/blog\/histoire-et-decouverte\/carte-interactive-des-plafonds-peints-medievaux\/\" target=\"_blank\">consulter la carte interactive des plafonds peints<\/a>, <a rel=\"noreferrer noopener\" href=\"https:\/\/rcppm.org\/blog\/histoire-et-decouverte\/longtemps-ignore\/\" target=\"_blank\">d\u00e9couvrir l&rsquo;histoire r\u00e9cente de ces plafonds<\/a> et bien d&rsquo;autres choses ! N&rsquo;h\u00e9sitez pas \u00e0 vous plonger dans les ouvrages ci-dessous : <\/p>\n\n\n\n<p><\/p>\n\n\n\n<div style=\"height:56px\" aria-hidden=\"true\" class=\"wp-block-spacer\"><\/div>\n\n\n\n<h1 class=\"wp-block-heading\">Bibliographie<\/h1>\n\n\n\n<p><strong>L&rsquo;ouvrage de r\u00e9f\u00e9rence comporte deux tomes:<\/strong><\/p>\n\n\n\n<p>Le premier pr\u00e9sente un b\u00e2timent dont la restauration a fait date :<\/p>\n\n\n\n<blockquote class=\"wp-block-quote is-layout-flow wp-block-quote-is-layout-flow\"><p>Girard A., <em>La maison des Chevaliers de Pont-Saint-Esprit, La demeure des Piolenc<\/em>, Conseil g\u00e9n\u00e9ral du Gard, t. 1, 2001, pp. 67-68.<\/p><\/blockquote>\n\n\n\n<p>et le second rassemble les informations disponibles au moment de la publication (en 2000) sur l&rsquo;ensemble des plafonds peints connus en France :<\/p>\n\n\n\n<blockquote class=\"wp-block-quote is-layout-flow wp-block-quote-is-layout-flow\"><p>M\u00e9rindol Ch. de, <em>La Maison des Chevaliers de Pont-Saint-Esprit<\/em>. Tome 2. \u00ab&nbsp;Les d\u00e9cors peints. Corpus des d\u00e9cors monumentaux peints et armori\u00e9s du Moyen-Age en France&nbsp;\u00bb. Conseil G\u00e9n\u00e9ral du Gard, N\u00eemes, 2000, 474 p.<\/p><\/blockquote>\n\n\n\n<div style=\"height:20px\" aria-hidden=\"true\" class=\"wp-block-spacer\"><\/div>\n\n\n\n<p><strong>Plus r\u00e9cemment<\/strong>, la RCPPM a publi\u00e9 :<\/p>\n\n\n\n<blockquote class=\"wp-block-quote is-layout-flow wp-block-quote-is-layout-flow\"><p><em>Aux sources des plafonds peints m\u00e9di\u00e9vaux. Provence, Languedoc, Catalogne<\/em>, \u00e9tudes r\u00e9unies par Philippe Bernardi et Jean-Bernard Mathon, Capestang, RCPPM, 2011, 269 p., 87 illustrations.<\/p><\/blockquote>\n\n\n\n<blockquote class=\"wp-block-quote is-layout-flow wp-block-quote-is-layout-flow\"><p><em>Plafonds peints m\u00e9di\u00e9vaux en Languedoc, Actes du colloques de Capestang, Narbonne, Lagrasse, 21-23 f\u00e9vrier 2008<\/em>, \u00e9tudes r\u00e9unies par Monique Bourin et Philippe Bernardi, Presses Universitaires de Perpignan, Perpignan, 2009, 249 p, 110 illustrations.<\/p><\/blockquote>\n\n\n\n<p>L&rsquo;ouvrage est aujourd&rsquo;hui \u00e9puis\u00e9 ; il est <strong>disponible en cliquant ici<\/strong> : <a href=\"https:\/\/rcppm.org\/blog\/wp-content\/uploads\/2012\/07\/Plafonds-peints-m\u00e9di\u00e9vaux-en-languedoc-copie.pdf\">Plafonds peints m\u00e9di\u00e9vaux en Languedoc<\/a><\/p>\n\n\n\n<blockquote class=\"wp-block-quote is-layout-flow wp-block-quote-is-layout-flow\"><p><em>De l\u2019Aragon au Frioul : esquisse d\u2019une g\u00e9ographie des plafonds peints m\u00e9di\u00e9vaux\u00a0: Actes des rencontres RCPPM (Lagrasse, octobre 2015)<\/em>, sous la direction de Monique Bourin, Maud P\u00e9rez-Simon et Georges Pucghal,\u00a0Nouvelle \u00e9dition [<a rel=\"noreferrer noopener\" href=\"http:\/\/books.openedition.org\/psorbonne\/83555\" data-type=\"URL\" data-id=\"http:\/\/books.openedition.org\/psorbonne\/83555\" target=\"_blank\">en ligne<\/a>]. Paris\u00a0: \u00c9ditions de la Sorbonne, 2021.<\/p><\/blockquote>\n\n\n\n<div style=\"height:20px\" aria-hidden=\"true\" class=\"wp-block-spacer\"><\/div>\n\n\n\n<p>En 2011, dans la collection DUO publi\u00e9e par la Direction G\u00e9n\u00e9rale des Affaires Culturelles du Languedoc-Roussillon (DRAC), est sorti, r\u00e9dig\u00e9 par la RCPPM :<\/p>\n\n\n\n<blockquote class=\"wp-block-quote is-layout-flow wp-block-quote-is-layout-flow\"><p><em>Images oubli\u00e9es du Moyen Age. Les plafonds peints du Languedoc-Roussillon, <\/em>Montpellier, DRAC, 2011<\/p><\/blockquote>\n\n\n\n<p>L\u2019ouvrage est d&rsquo;une part <strong>disponible gratuitement<\/strong> \u00e0 la DRAC du Languedoc-Roussillon (5 rue de la Salle L\u2019\u00e9v\u00eaque, Montpellier) ou aupr\u00e8s de la RCPPM (frais de port \u00e0 acquitter) : plafondspeints@sfr.fr<br><strong>Il est \u00e9galement t\u00e9l\u00e9chargeable ici&nbsp;<\/strong>: <a href=\"https:\/\/rcppm.org\/blog\/wp-content\/uploads\/2012\/07\/Images-oubli\u00e9es-du-Moyen-Age.pdf\">Images oubli\u00e9es du Moyen Age<\/a><\/p>\n\n\n\n<div style=\"height:20px\" aria-hidden=\"true\" class=\"wp-block-spacer\"><\/div>\n\n\n\n<p>A destination des enfants, mais aussi des grands curieux de d\u00e9couvrir les plafonds peints de fa\u00e7on plus l\u00e9g\u00e8re, la RCCPM propose cet ouvrage \u00e9labor\u00e9 avec la DRAC Occitanie, de la collection Duo d\u00e9couvertes-jeux :<\/p>\n\n\n\n<blockquote class=\"wp-block-quote is-layout-flow wp-block-quote-is-layout-flow\"><p><em>Le ch\u00e2teau de Capestang, un plafond plein d&rsquo;images<\/em>, Montpellier, DRAC, 2020<\/p><\/blockquote>\n\n\n\n<p>Disponible gratuitement \u00e0 l&rsquo;accueil de la DRAC Occitanie, il est \u00e9galement t\u00e9l\u00e9chargeable ici : <a href=\"https:\/\/www.culture.gouv.fr\/Regions\/Drac-Occitanie\/Ressources-documentaires\/Publications\/Collection-DUO\/Le-chateau-de-Capestang-un-plafond-plein-d-images\" target=\"_blank\" rel=\"noreferrer noopener\">Le ch\u00e2teau de Capestang, un plafond plein d&rsquo;images<\/a>. Il s&rsquo;agit de la nouvelle version du Duo enfant d\u00e9j\u00e0 propos\u00e9 par la DRAC et la RCPPM, centr\u00e9 autour du plafond de Capestang. N&rsquo;h\u00e9sitez pas \u00e0 aller d\u00e9couvrir les actions men\u00e9es pour mettre en valeur les plafonds peints de la r\u00e9gion !<\/p>\n\n\n\n<div style=\"height:20px\" aria-hidden=\"true\" class=\"wp-block-spacer\"><\/div>\n\n\n\n<p>Pour une approche plus technique sur la conservation et la restauration des charpentes peintes :<\/p>\n\n\n\n<p><em>Plafonds peints m\u00e9di\u00e9vaux en Europe. Connaissance, conservation et restauration : m\u00e9thodes &amp; approches scientifiques<\/em>, sous la direction de Monique Bourin et Roland May, Actes des 9e Rencontres de la RCPPM, Marseille-Fr\u00e9jus, 29 septembre-1er octobre 2016, CICRP, 2019 (<a href=\"https:\/\/rcppm.org\/blog\/wp-content\/uploads\/2019\/10\/PLAFONDPEINT-eBook-light.pdf\">publication en ligne<\/a>).<\/p>\n\n\n\n<div style=\"height:20px\" aria-hidden=\"true\" class=\"wp-block-spacer\"><\/div>\n\n\n\n<p>Et pour aller un peu plus loin, le catalogue de l&rsquo;exposition <em>Tabulae Pictae<\/em> (2013) :\n\nD&rsquo;Arcano Grattoni Maurizio, <em>TABULAE PICTAE, Pettenelle e cantinelle a Cividale fra Medioevo e Rinascimento<\/em>, catalogo della mostra, Cividale del Friuli, Palazzo de Nordis, dal 13 luglio 2013 al 29 settembre 2013, Milano, Silvana Editoriale, 2013.\n\n\n<\/p>\n\n\n\n<p> <\/p>\n","protected":false},"excerpt":{"rendered":"<p>Les plafonds peints : qu\u00e9saco ? &nbsp; Les plafonds peints m\u00e9di\u00e9vaux apparaissent aux XIIe-XIIIe si\u00e8cles, d&rsquo;abord dans des \u00e9difices religieux et salles \u00e0 caract\u00e8re public,&#46;&#46;&#46;<\/p>\n","protected":false},"author":1,"featured_media":0,"parent":83,"menu_order":1,"comment_status":"open","ping_status":"closed","template":"","meta":{"footnotes":"","_links_to":"","_links_to_target":""},"class_list":["post-969","page","type-page","status-publish","hentry"],"_links":{"self":[{"href":"https:\/\/rcppm.org\/blog\/wp-json\/wp\/v2\/pages\/969","targetHints":{"allow":["GET"]}}],"collection":[{"href":"https:\/\/rcppm.org\/blog\/wp-json\/wp\/v2\/pages"}],"about":[{"href":"https:\/\/rcppm.org\/blog\/wp-json\/wp\/v2\/types\/page"}],"author":[{"embeddable":true,"href":"https:\/\/rcppm.org\/blog\/wp-json\/wp\/v2\/users\/1"}],"replies":[{"embeddable":true,"href":"https:\/\/rcppm.org\/blog\/wp-json\/wp\/v2\/comments?post=969"}],"version-history":[{"count":42,"href":"https:\/\/rcppm.org\/blog\/wp-json\/wp\/v2\/pages\/969\/revisions"}],"predecessor-version":[{"id":5037,"href":"https:\/\/rcppm.org\/blog\/wp-json\/wp\/v2\/pages\/969\/revisions\/5037"}],"up":[{"embeddable":true,"href":"https:\/\/rcppm.org\/blog\/wp-json\/wp\/v2\/pages\/83"}],"wp:attachment":[{"href":"https:\/\/rcppm.org\/blog\/wp-json\/wp\/v2\/media?parent=969"}],"curies":[{"name":"wp","href":"https:\/\/api.w.org\/{rel}","templated":true}]}}