{"id":96,"date":"2010-05-10T15:31:02","date_gmt":"2010-05-10T13:31:02","guid":{"rendered":"http:\/\/rcppm.org\/blog\/?page_id=96"},"modified":"2019-06-05T15:45:08","modified_gmt":"2019-06-05T13:45:08","slug":"contact","status":"publish","type":"page","link":"https:\/\/rcppm.org\/blog\/lassociation-rcppm\/contact\/","title":{"rendered":"Contact"},"content":{"rendered":"<p>Pour toute demande de renseignements, vous pouvez nous contacter par courriel :<\/p>\n<p>Association RCPPM : plafondspeints@sfr.fr<\/p>\n<p>Monique Bourin, pr\u00e9sidente : bourin@univ-paris1.fr<\/p>\n<p>Liliane Alquier, secr\u00e9taire :\u00a0liliane.alquier@gmail.com<\/p>\n<p>Guy Hortala, tr\u00e9sorier\u00a0: guy.hortala@sfr.fr<\/p>\n<p>&nbsp;<\/p>\n<p>Vous pouvez \u00e9galement nous suivre et nous contacter <em>via<\/em> les r\u00e9seaux sociaux :<\/p>\n<p>Facebook : page <a href=\"https:\/\/www.facebook.com\/Recherche-sur-les-Charpentes-et-les-Plafonds-Peints-M%C3%A9di%C3%A9vaux-108556049209743\/?ref=bookmarks\">Recherche sur les charpentes et les plafonds peints m\u00e9di\u00e9vaux<\/a><\/p>\n<p>Twitter :\u00a0\u00a0<a class=\"ProfileHeaderCard-screennameLink u-linkComplex js-nav\" href=\"https:\/\/twitter.com\/RCPPMassoc\"><span class=\"username u-dir\" dir=\"ltr\">@<b class=\"u-linkComplex-target\">RCPPMassoc<\/b><\/span><\/a><\/p>\n<p>D\u00e9couvrez \u00e9galement notre cha\u00eene Youtube : <a href=\"https:\/\/www.youtube.com\/channel\/UCEjNo-WXWht0z_IqVTLQ0rg\/feed\">RCPPM Vid\u00e9o<\/a><\/p>\n","protected":false},"excerpt":{"rendered":"<p>Pour toute demande de renseignements, vous pouvez nous contacter par courriel : Association RCPPM : plafondspeints@sfr.fr Monique Bourin, pr\u00e9sidente : bourin@univ-paris1.fr Liliane Alquier, secr\u00e9taire :\u00a0liliane.alquier@gmail.com&#46;&#46;&#46;<\/p>\n","protected":false},"author":1,"featured_media":0,"parent":85,"menu_order":6,"comment_status":"closed","ping_status":"closed","template":"","meta":{"footnotes":"","_links_to":"","_links_to_target":""},"class_list":["post-96","page","type-page","status-publish","hentry"],"_links":{"self":[{"href":"https:\/\/rcppm.org\/blog\/wp-json\/wp\/v2\/pages\/96","targetHints":{"allow":["GET"]}}],"collection":[{"href":"https:\/\/rcppm.org\/blog\/wp-json\/wp\/v2\/pages"}],"about":[{"href":"https:\/\/rcppm.org\/blog\/wp-json\/wp\/v2\/types\/page"}],"author":[{"embeddable":true,"href":"https:\/\/rcppm.org\/blog\/wp-json\/wp\/v2\/users\/1"}],"replies":[{"embeddable":true,"href":"https:\/\/rcppm.org\/blog\/wp-json\/wp\/v2\/comments?post=96"}],"version-history":[{"count":15,"href":"https:\/\/rcppm.org\/blog\/wp-json\/wp\/v2\/pages\/96\/revisions"}],"predecessor-version":[{"id":3113,"href":"https:\/\/rcppm.org\/blog\/wp-json\/wp\/v2\/pages\/96\/revisions\/3113"}],"up":[{"embeddable":true,"href":"https:\/\/rcppm.org\/blog\/wp-json\/wp\/v2\/pages\/85"}],"wp:attachment":[{"href":"https:\/\/rcppm.org\/blog\/wp-json\/wp\/v2\/media?parent=96"}],"curies":[{"name":"wp","href":"https:\/\/api.w.org\/{rel}","templated":true}]}}