{"id":83,"date":"2010-05-09T19:18:19","date_gmt":"2010-05-09T17:18:19","guid":{"rendered":"http:\/\/rcppm.org\/blog\/?page_id=83"},"modified":"2019-05-23T10:47:04","modified_gmt":"2019-05-23T08:47:04","slug":"histoire-et-decouverte","status":"publish","type":"page","link":"https:\/\/rcppm.org\/blog\/histoire-et-decouverte\/","title":{"rendered":"Un patrimoine \u00e0 d\u00e9couvrir"},"content":{"rendered":"<p><a href=\"https:\/\/rcppm.org\/blog\/histoire-et-decouverte\/longtemps-ignore\/\">Un patrimoine longtemps ignor\u00e9<\/a><\/p>\n<p><a href=\"https:\/\/rcppm.org\/blog\/histoire-et-decouverte\/pour-une-premiere-approche\/\/\">Pour une premi\u00e8re approche <\/a><\/p>\n<p><a href=\"https:\/\/rcppm.org\/blog\/histoire-et-decouverte\/la-carte-interactive-des-plafonds\/\">Carte interactive des plafonds peints m\u00e9di\u00e9vaux<\/a><\/p>\n<p>&nbsp;<\/p>\n","protected":false},"excerpt":{"rendered":"<p>Un patrimoine longtemps ignor\u00e9 Pour une premi\u00e8re approche Carte interactive des plafonds peints m\u00e9di\u00e9vaux &nbsp;<\/p>\n","protected":false},"author":1,"featured_media":0,"parent":0,"menu_order":1,"comment_status":"open","ping_status":"closed","template":"","meta":{"footnotes":"","_links_to":"","_links_to_target":""},"class_list":["post-83","page","type-page","status-publish","hentry"],"_links":{"self":[{"href":"https:\/\/rcppm.org\/blog\/wp-json\/wp\/v2\/pages\/83","targetHints":{"allow":["GET"]}}],"collection":[{"href":"https:\/\/rcppm.org\/blog\/wp-json\/wp\/v2\/pages"}],"about":[{"href":"https:\/\/rcppm.org\/blog\/wp-json\/wp\/v2\/types\/page"}],"author":[{"embeddable":true,"href":"https:\/\/rcppm.org\/blog\/wp-json\/wp\/v2\/users\/1"}],"replies":[{"embeddable":true,"href":"https:\/\/rcppm.org\/blog\/wp-json\/wp\/v2\/comments?post=83"}],"version-history":[{"count":23,"href":"https:\/\/rcppm.org\/blog\/wp-json\/wp\/v2\/pages\/83\/revisions"}],"predecessor-version":[{"id":3095,"href":"https:\/\/rcppm.org\/blog\/wp-json\/wp\/v2\/pages\/83\/revisions\/3095"}],"wp:attachment":[{"href":"https:\/\/rcppm.org\/blog\/wp-json\/wp\/v2\/media?parent=83"}],"curies":[{"name":"wp","href":"https:\/\/api.w.org\/{rel}","templated":true}]}}