{"id":8,"date":"2010-05-05T12:43:22","date_gmt":"2010-05-05T10:43:22","guid":{"rendered":"http:\/\/rcppm.org\/blog\/?page_id=8"},"modified":"2019-06-12T19:47:39","modified_gmt":"2019-06-12T17:47:39","slug":"pro-et-chercheurs","status":"publish","type":"page","link":"https:\/\/rcppm.org\/blog\/pro-et-chercheurs\/","title":{"rendered":"Etudes et documents"},"content":{"rendered":"<p><a href=\"https:\/\/rcppm.org\/blog\/pro-et-chercheurs\/bibliographie\/\">Bibliographie\u00a0des plafonds peints<\/a><\/p>\n<p><a href=\"https:\/\/rcppm.org\/blog\/pro-et-chercheurs\/iconotheque\/\">Corpus\u00a0des plafonds peints en images<\/a><\/p>\n<p><a title=\"Vid\u00e9os\" href=\"https:\/\/rcppm.org\/blog\/pro-et-chercheurs\/videos\/\">Vid\u00e9os\u00a0de restitution et d&rsquo;assemblages en 3D de plafonds peints r\u00e9alis\u00e9es par Jo\u00ebl Roure, conf\u00e9rences film\u00e9es&#8230;<\/a><\/p>\n<p><a href=\"https:\/\/rcppm.org\/blog\/pro-et-chercheurs\/vocabulaire\/\">Vocabulaire technique\u00a0des plafonds peints<\/a><\/p>\n<p><a href=\"https:\/\/rcppm.org\/blog\/pro-et-chercheurs\/bases-de-donnees\/\">Bases de donn\u00e9es<\/a><\/p>\n<p>&nbsp;<\/p>\n","protected":false},"excerpt":{"rendered":"<p>Bibliographie\u00a0des plafonds peints Corpus\u00a0des plafonds peints en images Vid\u00e9os\u00a0de restitution et d&rsquo;assemblages en 3D de plafonds peints r\u00e9alis\u00e9es par Jo\u00ebl Roure, conf\u00e9rences film\u00e9es&#8230; Vocabulaire technique\u00a0des&#46;&#46;&#46;<\/p>\n","protected":false},"author":1,"featured_media":0,"parent":0,"menu_order":2,"comment_status":"closed","ping_status":"closed","template":"","meta":{"footnotes":"","_links_to":"","_links_to_target":""},"class_list":["post-8","page","type-page","status-publish","hentry"],"_links":{"self":[{"href":"https:\/\/rcppm.org\/blog\/wp-json\/wp\/v2\/pages\/8","targetHints":{"allow":["GET"]}}],"collection":[{"href":"https:\/\/rcppm.org\/blog\/wp-json\/wp\/v2\/pages"}],"about":[{"href":"https:\/\/rcppm.org\/blog\/wp-json\/wp\/v2\/types\/page"}],"author":[{"embeddable":true,"href":"https:\/\/rcppm.org\/blog\/wp-json\/wp\/v2\/users\/1"}],"replies":[{"embeddable":true,"href":"https:\/\/rcppm.org\/blog\/wp-json\/wp\/v2\/comments?post=8"}],"version-history":[{"count":15,"href":"https:\/\/rcppm.org\/blog\/wp-json\/wp\/v2\/pages\/8\/revisions"}],"predecessor-version":[{"id":3206,"href":"https:\/\/rcppm.org\/blog\/wp-json\/wp\/v2\/pages\/8\/revisions\/3206"}],"wp:attachment":[{"href":"https:\/\/rcppm.org\/blog\/wp-json\/wp\/v2\/media?parent=8"}],"curies":[{"name":"wp","href":"https:\/\/api.w.org\/{rel}","templated":true}]}}