{"id":5541,"date":"2022-09-21T08:03:39","date_gmt":"2022-09-21T06:03:39","guid":{"rendered":"https:\/\/rcppm.org\/blog\/?page_id=5541"},"modified":"2023-03-06T00:19:20","modified_gmt":"2023-03-05T22:19:20","slug":"le-coin-des-super-herauts","status":"publish","type":"page","link":"https:\/\/rcppm.org\/blog\/heraldique\/le-coin-des-super-herauts\/","title":{"rendered":"Le coin des \u00ab\u00a0super h\u00e9rauts\u00a0\u00bb"},"content":{"rendered":"\n<p>Des dossiers p\u00e9dagogiques \u00e0 t\u00e9l\u00e9charger, pour les enfants et les enseignants :<\/p>\n\n\n\n<ul class=\"wp-block-list\"><li>Le dossier p\u00e9dagogique est \u00e0 destination des enseignants<\/li><li>Le livret du \u00ab\u00a0Super H\u00e9raut\u00a0\u00bb est pour les enfants !<\/li><\/ul>\n\n\n\n<div data-wp-interactive=\"core\/file\" class=\"wp-block-file\"><object data-wp-bind--hidden=\"!state.hasPdfPreview\" hidden class=\"wp-block-file__embed\" data=\"https:\/\/rcppm.org\/blog\/wp-content\/uploads\/2023\/03\/Dossier-pe\u0301dagogique-V2-1.pdf\" type=\"application\/pdf\" style=\"width:100%;height:600px\" aria-label=\"Contenu embarqu\u00e9 Contenu embarqu\u00e9 Dossier-pe\u0301dagogique-V2-1..\"><\/object><a id=\"wp-block-file--media-d5a8621d-1f7a-4f2b-b99d-09bf00c05f6a\" href=\"https:\/\/rcppm.org\/blog\/wp-content\/uploads\/2023\/03\/Dossier-pe\u0301dagogique-V2-1.pdf\">Dossier-pe\u0301dagogique-V2-1<\/a><a href=\"https:\/\/rcppm.org\/blog\/wp-content\/uploads\/2023\/03\/Dossier-pe\u0301dagogique-V2-1.pdf\" class=\"wp-block-file__button\" download aria-describedby=\"wp-block-file--media-d5a8621d-1f7a-4f2b-b99d-09bf00c05f6a\">T\u00e9l\u00e9charger<\/a><\/div>\n\n\n\n<div data-wp-interactive=\"core\/file\" class=\"wp-block-file\"><object data-wp-bind--hidden=\"!state.hasPdfPreview\" hidden class=\"wp-block-file__embed\" data=\"https:\/\/rcppm.org\/blog\/wp-content\/uploads\/2023\/03\/Livret-super-he\u0301raut-V2.pdf\" type=\"application\/pdf\" style=\"width:100%;height:600px\" aria-label=\"Contenu embarqu\u00e9 Contenu embarqu\u00e9 Livret-super-he\u0301raut-V2..\"><\/object><a id=\"wp-block-file--media-5d71fdda-3abb-46e4-b4b9-bc8b9ab768f7\" href=\"https:\/\/rcppm.org\/blog\/wp-content\/uploads\/2023\/03\/Livret-super-he\u0301raut-V2.pdf\">Livret-super-he\u0301raut-V2<\/a><a href=\"https:\/\/rcppm.org\/blog\/wp-content\/uploads\/2023\/03\/Livret-super-he\u0301raut-V2.pdf\" class=\"wp-block-file__button\" download aria-describedby=\"wp-block-file--media-5d71fdda-3abb-46e4-b4b9-bc8b9ab768f7\">T\u00e9l\u00e9charger<\/a><\/div>\n\n\n\n<p><\/p>\n","protected":false},"excerpt":{"rendered":"<p>Des dossiers p\u00e9dagogiques \u00e0 t\u00e9l\u00e9charger, pour les enfants et les enseignants : Le dossier p\u00e9dagogique est \u00e0 destination des enseignants Le livret du \u00ab\u00a0Super H\u00e9raut\u00a0\u00bb&#46;&#46;&#46;<\/p>\n","protected":false},"author":12,"featured_media":0,"parent":4993,"menu_order":5,"comment_status":"closed","ping_status":"closed","template":"","meta":{"footnotes":"","_links_to":"","_links_to_target":""},"class_list":["post-5541","page","type-page","status-publish","hentry"],"_links":{"self":[{"href":"https:\/\/rcppm.org\/blog\/wp-json\/wp\/v2\/pages\/5541","targetHints":{"allow":["GET"]}}],"collection":[{"href":"https:\/\/rcppm.org\/blog\/wp-json\/wp\/v2\/pages"}],"about":[{"href":"https:\/\/rcppm.org\/blog\/wp-json\/wp\/v2\/types\/page"}],"author":[{"embeddable":true,"href":"https:\/\/rcppm.org\/blog\/wp-json\/wp\/v2\/users\/12"}],"replies":[{"embeddable":true,"href":"https:\/\/rcppm.org\/blog\/wp-json\/wp\/v2\/comments?post=5541"}],"version-history":[{"count":7,"href":"https:\/\/rcppm.org\/blog\/wp-json\/wp\/v2\/pages\/5541\/revisions"}],"predecessor-version":[{"id":5672,"href":"https:\/\/rcppm.org\/blog\/wp-json\/wp\/v2\/pages\/5541\/revisions\/5672"}],"up":[{"embeddable":true,"href":"https:\/\/rcppm.org\/blog\/wp-json\/wp\/v2\/pages\/4993"}],"wp:attachment":[{"href":"https:\/\/rcppm.org\/blog\/wp-json\/wp\/v2\/media?parent=5541"}],"curies":[{"name":"wp","href":"https:\/\/api.w.org\/{rel}","templated":true}]}}