{"id":5,"date":"2010-05-05T12:42:15","date_gmt":"2010-05-05T12:42:15","guid":{"rendered":"http:\/\/rcppm.org\/blog\/?page_id=5"},"modified":"2021-01-27T10:37:41","modified_gmt":"2021-01-27T08:37:41","slug":"videos-plafonds-peints-enfants","status":"publish","type":"page","link":"https:\/\/rcppm.org\/blog\/histoire-et-decouverte\/espace-ludique\/videos-plafonds-peints-enfants\/","title":{"rendered":"Les plafonds peints prennent vie"},"content":{"rendered":"<p style=\"text-align: left;\">Que se passe-t-il dans la t\u00eate d&rsquo;un enfant lorsqu&rsquo;il d\u00e9couvre un plafond peint m\u00e9di\u00e9val ? Que penser de ces dr\u00f4les de personnages, de ces animaux, autour de cette profusion d&rsquo;images color\u00e9es ?<br \/>Doit-on leur envier ce regard \u00e9merveill\u00e9 et plein d&rsquo;imagination ? Froncer les sourcils aux remarques sans piti\u00e9 ? Ou en profiter pour inculquer des r\u00e9f\u00e9rences historiques et artistiques ?<\/p>\n<p>Retrouvez d&rsquo;autres vid\u00e9os sur la cha\u00eene YouTube de la RCPPM : <a href=\"https:\/\/www.youtube.com\/channel\/UCEjNo-WXWht0z_IqVTLQ0rg\/videos\" target=\"_blank\" rel=\"noopener noreferrer\">RCPPM\u00a0Vid\u00e9o<\/a>.<\/p>\n<p>\u00a0<\/p>\n<p>Quels myst\u00e8res le plafond de Capestang cache-t-il ?<\/p>\n<p><style>.embed-container { position: relative; padding-bottom: 56.25%; height: 0; overflow: hidden; max-width: 100%; } .embed-container iframe, .embed-container object, .embed-container embed { position: absolute; top: 0; left: 0; width: 100%; height: 100%; }<\/style><\/p>\n<div class=\"embed-container\"><iframe src=\"https:\/\/www.youtube.com\/embed\/zIhqTU2jiC0\" frameborder=\"0\" allowfullscreen=\"allowfullscreen\"><\/iframe><\/div>\n<p>\u00a0<\/p>\n<p>\u00a0<\/p>\n<hr \/>\n<p>Petit interm\u00e8de musical avec les musiciens du plafond de Capestang !<\/p>\n<p><style>.embed-container { position: relative; padding-bottom: 56.25%; height: 0; overflow: hidden; max-width: 100%; } .embed-container iframe, .embed-container object, .embed-container embed { position: absolute; top: 0; left: 0; width: 100%; height: 100%; }<\/style><\/p>\n<div class=\"embed-container\"><iframe src=\"https:\/\/www.youtube.com\/embed\/RPcOtpD8_ws\" frameborder=\"0\" allowfullscreen=\"allowfullscreen\"><\/iframe><\/div>\n\n\n<p><\/p>\n","protected":false},"excerpt":{"rendered":"<p>Que se passe-t-il dans la t\u00eate d&rsquo;un enfant lorsqu&rsquo;il d\u00e9couvre un plafond peint m\u00e9di\u00e9val ? Que penser de ces dr\u00f4les de personnages, de ces animaux,&#46;&#46;&#46;<\/p>\n","protected":false},"author":1,"featured_media":0,"parent":1063,"menu_order":2,"comment_status":"closed","ping_status":"open","template":"","meta":{"footnotes":"","_links_to":"","_links_to_target":""},"class_list":["post-5","page","type-page","status-publish","hentry"],"_links":{"self":[{"href":"https:\/\/rcppm.org\/blog\/wp-json\/wp\/v2\/pages\/5","targetHints":{"allow":["GET"]}}],"collection":[{"href":"https:\/\/rcppm.org\/blog\/wp-json\/wp\/v2\/pages"}],"about":[{"href":"https:\/\/rcppm.org\/blog\/wp-json\/wp\/v2\/types\/page"}],"author":[{"embeddable":true,"href":"https:\/\/rcppm.org\/blog\/wp-json\/wp\/v2\/users\/1"}],"replies":[{"embeddable":true,"href":"https:\/\/rcppm.org\/blog\/wp-json\/wp\/v2\/comments?post=5"}],"version-history":[{"count":25,"href":"https:\/\/rcppm.org\/blog\/wp-json\/wp\/v2\/pages\/5\/revisions"}],"predecessor-version":[{"id":4455,"href":"https:\/\/rcppm.org\/blog\/wp-json\/wp\/v2\/pages\/5\/revisions\/4455"}],"up":[{"embeddable":true,"href":"https:\/\/rcppm.org\/blog\/wp-json\/wp\/v2\/pages\/1063"}],"wp:attachment":[{"href":"https:\/\/rcppm.org\/blog\/wp-json\/wp\/v2\/media?parent=5"}],"curies":[{"name":"wp","href":"https:\/\/api.w.org\/{rel}","templated":true}]}}