{"id":3280,"date":"2019-05-27T15:59:32","date_gmt":"2019-05-27T13:59:32","guid":{"rendered":"http:\/\/rcppm.org\/blog\/?page_id=3280"},"modified":"2020-05-04T10:32:08","modified_gmt":"2020-05-04T08:32:08","slug":"presentation-association-plafonds-peints","status":"publish","type":"page","link":"https:\/\/rcppm.org\/blog\/lassociation-rcppm\/presentation-association-plafonds-peints\/","title":{"rendered":"Pr\u00e9sentation"},"content":{"rendered":"\n<figure class=\"wp-block-image\"><img loading=\"lazy\" decoding=\"async\" width=\"1024\" height=\"426\" src=\"https:\/\/rcppm.org\/blog\/wp-content\/uploads\/2019\/07\/RCPPM-\u00e0-Capestang-1024x426.png\" alt=\"\" class=\"wp-image-3788\" srcset=\"https:\/\/rcppm.org\/blog\/wp-content\/uploads\/2019\/07\/RCPPM-\u00e0-Capestang-1024x426.png 1024w, https:\/\/rcppm.org\/blog\/wp-content\/uploads\/2019\/07\/RCPPM-\u00e0-Capestang-300x125.png 300w, https:\/\/rcppm.org\/blog\/wp-content\/uploads\/2019\/07\/RCPPM-\u00e0-Capestang-768x319.png 768w, https:\/\/rcppm.org\/blog\/wp-content\/uploads\/2019\/07\/RCPPM-\u00e0-Capestang.png 1366w\" sizes=\"auto, (max-width: 1024px) 100vw, 1024px\" \/><figcaption>De gauche \u00e0 droite : Beno\u00eet Brouns, Jean-Pierre Sarret, Georges Puchal, Pierre-Olivier Dittmar, Jo\u00ebl Roure, Monique Bourin.<\/figcaption><\/figure>\n\n\n\n<div style=\"height:20px\" aria-hidden=\"true\" class=\"wp-block-spacer\"><\/div>\n\n\n<p style=\"text-align: justify;\">L\u2019association internationale de recherche sur les charpentes et plafonds peints m\u00e9di\u00e9vaux (RCPPM) est n\u00e9e de la constatation que les plafonds peints constituent un patrimoine mal connu, fragile, souvent d\u00e9daign\u00e9, car n\u2019ayant pas, parfois \u00e0 tort, acc\u00e9d\u00e9 au statut d\u2019\u0153uvre d\u2019art. Pourtant ils apportent, outre la qualit\u00e9 de leur graphisme et de leurs vives couleurs, des informations essentielles sur les savoirs techniques et leur diffusion, le contexte social de commande et la culture des derniers si\u00e8cles du Moyen \u00c2ge. Ils sont tout particuli\u00e8rement caract\u00e9ristiques des r\u00e9gions m\u00e9diterran\u00e9ennes.<\/p>\n<p style=\"text-align: justify;\">L\u2019association a donc \u00e9t\u00e9 cr\u00e9\u00e9e en d\u00e9cembre 2008 avec l\u2019objectif de <strong>contribuer \u00e0 leur \u00e9tude, \u00e0 leur conservation et \u00e0 leur valorisation<\/strong>. Pour ce faire, elle organise des r\u00e9unions et des colloques, de voyages d\u2019\u00e9tudes et de conf\u00e9rences o\u00f9 se rencontrent experts et public.<\/p>\n<p style=\"text-align: justify;\">Elle souhaita avoir son si\u00e8ge \u00e0 la mairie de Capestang parce que l\u2019ouverture au public du plafond peint du ch\u00e2teau des archev\u00eaques au printemps 2008, plafond qui est l\u2019une des pi\u00e8ces majeures de ce type de patrimoine, a \u00e9t\u00e9 l\u2019occasion d\u2019une premi\u00e8re rencontre. L\u2019int\u00e9r\u00eat qu\u2019elle a soulev\u00e9e a montr\u00e9 l\u2019utilit\u00e9 d\u2019une association qui regroupe autour d\u2019un public int\u00e9ress\u00e9 architectes du patrimoine, conservateurs, restaurateurs, historiens, historiens d\u2019art, professeurs et \u00e9tudiants.<br \/>Les actes de ce premier colloque, qui s\u2019est tenu \u00e0 <strong>Capestang, Narbonne et Lagrasse<\/strong>, sont parus aux Presses Universitaires de Perpignan sous le titre \u00ab Plafonds peints m\u00e9di\u00e9vaux en Languedoc\u00a0\u00bb, \u00e0 l\u2019automne 2009 et sont aujourd&rsquo;hui \u00e9puis\u00e9s. Toutefois, vous pouvez les consulter ou les t\u00e9l\u00e9charger en <a href=\"https:\/\/rcppm.org\/blog\/wp-content\/uploads\/2012\/07\/Plafonds-peints-m%C3%A9di%C3%A9vaux-en-languedoc-copie.pdf\" target=\"_blank\" rel=\"noopener noreferrer\">cliquant ici<\/a>.<\/p>\n<p style=\"text-align: justify;\">La RCPPM a ensuite organis\u00e9 un colloque \u00e0 <strong>Tarascon et Avignon les 27 et 28 mars 2009<\/strong>. Puis une rencontre autour des plafonds de la r\u00e9gion de P\u00e9zenas en octobre 2009, \u00e0 l\u2019occasion de la sortie du volume des actes de 2008.<\/p>\n<p style=\"text-align: justify;\">Les 6-7-8 mai 2010, elle a pass\u00e9 les fronti\u00e8res ; les 3\u00e8mes rencontres, ont eu lieu au <strong>Palais des Rois de Majorque et au Mus\u00e9e Episcopal de Vic<\/strong> et ont \u00e9t\u00e9 consacr\u00e9 aux bonnes pratiques de conservation et restauration. Il s\u2019agit l\u00e0 d\u2019un sujet particuli\u00e8rement important au moment o\u00f9 les secteurs sauvegard\u00e9s des villes m\u00e9ridionales r\u00e9v\u00e8lent le grand nombre de plafonds peints\u00a0; ce peut \u00eatre pour ce type de patrimoine la meilleure ou la pire des choses, leur protection ou leur destruction. Ces trois journ\u00e9es ont aussi \u00e9t\u00e9 l&rsquo;occasion de visiter des plafonds peints \u00e0 Perpignan et dans la r\u00e9gion et de pr\u00e9senter le patrimoine catalan.<\/p>\n<p style=\"text-align: justify;\">Les 4\u00e8mes rencontres de l\u2019association RCPPM ont \u00e9t\u00e9 accueillies par la ville de\u00a0 <strong>Carcassonne <\/strong>les <strong>27-28 mai 2011<\/strong>. Autour des \u00ab\u00a0usages et techniques de la couleur\u00a0\u00bb, les participants ont d\u00e9couvert les plafonds peints de la bastide, mais aussi quelques remarquables exemples dans les environs\u2026L\u2019<strong>exposition pr\u00e9par\u00e9e en partenariat avec les Archives d\u00e9partementale<\/strong>s, consacr\u00e9e aux principales charpentes peintes des pays d\u2019Aude, fut inaugur\u00e9e \u00e0 cette occasion et depuis lors, pr\u00eat\u00e9e par les archives d\u00e9partementales \u00e0 diverses institutions en divers lieux : elle fait conna\u00eetre ce patrimoine souvent ignor\u00e9.<\/p>\n<p style=\"text-align: justify;\">L\u2019association organisa les 5\u00e8mes rencontres \u00e0 Narbonne, avec l\u2019aide de la mairie de Narbonne et de la commission arch\u00e9ologique. L\u2019extraordinaire plafond de l\u2019aile de la Madeleine au palais des archev\u00eaques fut l\u2019objet d\u2019une \u00e9tude approfondie, suivi d\u2019une visite \u00e0 l\u2019\u00e9glise de Lamourguier et \u00e0 la maison des Infirmi\u00e8res, ancienne maison du marchand Jean Dymes au seuil du XVIe si\u00e8cle. A d\u00e9faut de pouvoir le visiter, l\u2019ensemble remarquable des plafonds peints du Moyen \u00c2ge narbonnais fut pr\u00e9sent\u00e9.<\/p>\n<p style=\"text-align: justify;\">L\u2019ann\u00e9e 2013 (17-19 octobre) vit un colloque international se r\u00e9unir \u00e0 Montpellier, tr\u00e8s fortement soutenu par la DRAC et accueilli par l\u2019Universit\u00e9 de Montpellier III au centre Saint-Charles. Il fut l\u2019occasion de visiter quelques-uns des plafonds m\u00e9di\u00e9vaux de la ville et notamment de voir les premiers fragments de l\u2019ancien h\u00f4tel des Carcassonne, sauv\u00e9s et restaur\u00e9s. La th\u00e9matique du colloque (voir <a href=\"https:\/\/rcppm.org\/blog\/wp-content\/uploads\/2013\/09\/Programme-Images-de-soi-RCPPM1.pdf\">programme<\/a>) concernait la repr\u00e9sentation de soi dans l\u2019univers domestique et se situait dans le cadre g\u00e9n\u00e9ral d\u2019\u00e9tudes qui s\u2019attachent \u00e0 la p\u00e9n\u00e9tration de l\u2019image dans\u00a0 les demeures.<\/p>\n<p style=\"text-align: justify;\">Toutes ces rencontres ont donn\u00e9 lieu \u00e0 des publications, dont certaines (2012 et 2013) sont encore \u00e0 para\u00eetre.<\/p>\n<p style=\"text-align: justify;\">L\u2019association dispose d\u00e9sormais d\u2019un local mis \u00e0 sa disposition par la mairie de Capestang d\u00e9di\u00e9 \u00e0 l\u2019\u00e9tude des plafonds peints dans le ch\u00e2teau des archev\u00eaques. La d\u00e9couverte d\u2019un plafond peint tr\u00e8s int\u00e9ressant dans le village voisin de Puisserguier a confort\u00e9 cet ancrage. Mais les exceptionnelles d\u00e9couvertes de plafonds peints \u00e0 Lagrasse ont tellement enrichi le patrimoine de cette bourgade qu\u2019un second p\u00f4le tr\u00e8s actif s&rsquo;y dessine pour les ann\u00e9es \u00e0 venir.<\/p>","protected":false},"excerpt":{"rendered":"<p>L\u2019association internationale de recherche sur les charpentes et plafonds peints m\u00e9di\u00e9vaux (RCPPM) est n\u00e9e de la constatation que les plafonds peints constituent un patrimoine mal&#46;&#46;&#46;<\/p>\n","protected":false},"author":11,"featured_media":0,"parent":85,"menu_order":1,"comment_status":"closed","ping_status":"closed","template":"","meta":{"footnotes":"","_links_to":"","_links_to_target":""},"class_list":["post-3280","page","type-page","status-publish","hentry"],"_links":{"self":[{"href":"https:\/\/rcppm.org\/blog\/wp-json\/wp\/v2\/pages\/3280","targetHints":{"allow":["GET"]}}],"collection":[{"href":"https:\/\/rcppm.org\/blog\/wp-json\/wp\/v2\/pages"}],"about":[{"href":"https:\/\/rcppm.org\/blog\/wp-json\/wp\/v2\/types\/page"}],"author":[{"embeddable":true,"href":"https:\/\/rcppm.org\/blog\/wp-json\/wp\/v2\/users\/11"}],"replies":[{"embeddable":true,"href":"https:\/\/rcppm.org\/blog\/wp-json\/wp\/v2\/comments?post=3280"}],"version-history":[{"count":4,"href":"https:\/\/rcppm.org\/blog\/wp-json\/wp\/v2\/pages\/3280\/revisions"}],"predecessor-version":[{"id":4072,"href":"https:\/\/rcppm.org\/blog\/wp-json\/wp\/v2\/pages\/3280\/revisions\/4072"}],"up":[{"embeddable":true,"href":"https:\/\/rcppm.org\/blog\/wp-json\/wp\/v2\/pages\/85"}],"wp:attachment":[{"href":"https:\/\/rcppm.org\/blog\/wp-json\/wp\/v2\/media?parent=3280"}],"curies":[{"name":"wp","href":"https:\/\/api.w.org\/{rel}","templated":true}]}}