{"id":3274,"date":"2019-05-27T15:49:24","date_gmt":"2019-05-27T13:49:24","guid":{"rendered":"http:\/\/rcppm.org\/blog\/?page_id=3274"},"modified":"2020-12-01T16:58:16","modified_gmt":"2020-12-01T14:58:16","slug":"partenaires-a-linternational","status":"publish","type":"page","link":"https:\/\/rcppm.org\/blog\/partenaires\/partenaires-a-linternational\/","title":{"rendered":"Partenaires \u00e0 l&rsquo;international"},"content":{"rendered":"<h1>Espagne<\/h1>\n<p><a href=\"http:\/\/www.ieturolenses.org\/cem\/\" target=\"_blank\" rel=\"noopener noreferrer\">Centro de Estudios mud\u00e9jares, Teruel<\/a><\/p>\n<p><a href=\"https:\/\/ipce.culturaydeporte.gob.es\/inicio.html\" target=\"_blank\" rel=\"noopener noreferrer\">Instituto del patrimonio cultural de Espa\u00f1a<\/a><\/p>\n<h1>Italie<\/h1>\n<p><a href=\"https:\/\/www.uniud.it\/\" target=\"_blank\" rel=\"noopener noreferrer\">Universit\u00e0 degli studi di Udine<\/a><\/p>\n<p><a href=\"http:\/\/www.societastoricaviadanese.it\/home\/\" target=\"_blank\" rel=\"noopener noreferrer\">Societ\u00e0 Storica Viadanese<\/a><\/p>\n<h1>Etats-Unis<\/h1>\n<p><a href=\"https:\/\/american-journal-of-french-studies.com\/\">American Journal of French Studies\u00a0<\/a><\/p>\n","protected":false},"excerpt":{"rendered":"<p>Espagne Centro de Estudios mud\u00e9jares, Teruel Instituto del patrimonio cultural de Espa\u00f1a Italie Universit\u00e0 degli studi di Udine Societ\u00e0 Storica Viadanese Etats-Unis American Journal of&#46;&#46;&#46;<\/p>\n","protected":false},"author":11,"featured_media":0,"parent":3252,"menu_order":4,"comment_status":"closed","ping_status":"closed","template":"","meta":{"footnotes":"","_links_to":"","_links_to_target":""},"class_list":["post-3274","page","type-page","status-publish","hentry"],"_links":{"self":[{"href":"https:\/\/rcppm.org\/blog\/wp-json\/wp\/v2\/pages\/3274","targetHints":{"allow":["GET"]}}],"collection":[{"href":"https:\/\/rcppm.org\/blog\/wp-json\/wp\/v2\/pages"}],"about":[{"href":"https:\/\/rcppm.org\/blog\/wp-json\/wp\/v2\/types\/page"}],"author":[{"embeddable":true,"href":"https:\/\/rcppm.org\/blog\/wp-json\/wp\/v2\/users\/11"}],"replies":[{"embeddable":true,"href":"https:\/\/rcppm.org\/blog\/wp-json\/wp\/v2\/comments?post=3274"}],"version-history":[{"count":3,"href":"https:\/\/rcppm.org\/blog\/wp-json\/wp\/v2\/pages\/3274\/revisions"}],"predecessor-version":[{"id":4321,"href":"https:\/\/rcppm.org\/blog\/wp-json\/wp\/v2\/pages\/3274\/revisions\/4321"}],"up":[{"embeddable":true,"href":"https:\/\/rcppm.org\/blog\/wp-json\/wp\/v2\/pages\/3252"}],"wp:attachment":[{"href":"https:\/\/rcppm.org\/blog\/wp-json\/wp\/v2\/media?parent=3274"}],"curies":[{"name":"wp","href":"https:\/\/api.w.org\/{rel}","templated":true}]}}