{"id":3270,"date":"2019-05-27T15:43:12","date_gmt":"2019-05-27T13:43:12","guid":{"rendered":"http:\/\/rcppm.org\/blog\/?page_id=3270"},"modified":"2019-06-12T20:33:08","modified_gmt":"2019-06-12T18:33:08","slug":"partenaires-institutionnels","status":"publish","type":"page","link":"https:\/\/rcppm.org\/blog\/partenaires\/partenaires-institutionnels\/","title":{"rendered":"Partenaires institutionnels"},"content":{"rendered":"<p><a href=\"https:\/\/cicrp.info\/\" target=\"_blank\" rel=\"noopener noreferrer\">Centre interdisciplinaire de conservation et restauration du patrimoine (CICRP)<\/a><\/p>\n<p><a href=\"http:\/\/www.culture.gouv.fr\/Regions\/Drac-Occitanie\" target=\"_blank\" rel=\"noopener noreferrer\">DRAC Occitanie<\/a><\/p>\n<p><a href=\"http:\/\/www.culture.gouv.fr\/Regions\/Drac-Provence-Alpes-Cote-d-Azur\" target=\"_blank\" rel=\"noopener noreferrer\">DRAC PACA<\/a><\/p>\n<p><a href=\"http:\/\/www.culture.gouv.fr\/Regions\/Drac-Auvergne-Rhone-Alpes\" target=\"_blank\" rel=\"noopener noreferrer\">DRAC Auvergne Rh\u00f4ne-Alpes<\/a><\/p>\n<p><a href=\"http:\/\/www.herault.fr\/patrimoine\" target=\"_blank\" rel=\"noopener noreferrer\">Conseil d\u00e9partemental de l&rsquo;H\u00e9rault<\/a><\/p>\n<p><a href=\"https:\/\/www.aude.fr\/\" target=\"_blank\" rel=\"noopener noreferrer\">Conseil d\u00e9partemental de l&rsquo;Aude<\/a><\/p>\n<p><a href=\"http:\/\/www.ledepartement66.fr\/\" target=\"_blank\" rel=\"noopener noreferrer\">Conseil d\u00e9partemental des Pyr\u00e9n\u00e9es-Orientales<\/a><\/p>\n","protected":false},"excerpt":{"rendered":"<p>Centre interdisciplinaire de conservation et restauration du patrimoine (CICRP) DRAC Occitanie DRAC PACA DRAC Auvergne Rh\u00f4ne-Alpes Conseil d\u00e9partemental de l&rsquo;H\u00e9rault Conseil d\u00e9partemental de l&rsquo;Aude Conseil&#46;&#46;&#46;<\/p>\n","protected":false},"author":11,"featured_media":0,"parent":3252,"menu_order":3,"comment_status":"closed","ping_status":"closed","template":"","meta":{"footnotes":"","_links_to":"","_links_to_target":""},"class_list":["post-3270","page","type-page","status-publish","hentry"],"_links":{"self":[{"href":"https:\/\/rcppm.org\/blog\/wp-json\/wp\/v2\/pages\/3270","targetHints":{"allow":["GET"]}}],"collection":[{"href":"https:\/\/rcppm.org\/blog\/wp-json\/wp\/v2\/pages"}],"about":[{"href":"https:\/\/rcppm.org\/blog\/wp-json\/wp\/v2\/types\/page"}],"author":[{"embeddable":true,"href":"https:\/\/rcppm.org\/blog\/wp-json\/wp\/v2\/users\/11"}],"replies":[{"embeddable":true,"href":"https:\/\/rcppm.org\/blog\/wp-json\/wp\/v2\/comments?post=3270"}],"version-history":[{"count":3,"href":"https:\/\/rcppm.org\/blog\/wp-json\/wp\/v2\/pages\/3270\/revisions"}],"predecessor-version":[{"id":3454,"href":"https:\/\/rcppm.org\/blog\/wp-json\/wp\/v2\/pages\/3270\/revisions\/3454"}],"up":[{"embeddable":true,"href":"https:\/\/rcppm.org\/blog\/wp-json\/wp\/v2\/pages\/3252"}],"wp:attachment":[{"href":"https:\/\/rcppm.org\/blog\/wp-json\/wp\/v2\/media?parent=3270"}],"curies":[{"name":"wp","href":"https:\/\/api.w.org\/{rel}","templated":true}]}}