{"id":3243,"date":"2019-05-27T13:47:01","date_gmt":"2019-05-27T11:47:01","guid":{"rendered":"http:\/\/rcppm.org\/blog\/?page_id=3243"},"modified":"2021-10-27T18:04:30","modified_gmt":"2021-10-27T16:04:30","slug":"conferences-filmees-plafonds-peints","status":"publish","type":"page","link":"https:\/\/rcppm.org\/blog\/pro-et-chercheurs\/videos\/conferences-filmees-plafonds-peints\/","title":{"rendered":"Conf\u00e9rences et entretiens film\u00e9s"},"content":{"rendered":"<p>Conf\u00e9rences et entretiens film\u00e9s des membres de l&rsquo;association.<\/p>\n<p>Retrouvez ces vid\u00e9os et de nombreuses autres r\u00e9alisations sur la <a href=\"http:\/\/www.youtube.com\/channel\/UCEjNo-WXWht0z_IqVTLQ0rg\" target=\"_blank\" rel=\"noopener noreferrer\">cha\u00eene YouTube RCPPM Vid\u00e9o<\/a>.<\/p>\n<p>\u00ab\u00a0Dal contesto locale a quello europeo : La circolazione delle immagini nelle tavole da soffitto cremonesi\u00a0\u00bb : visioconf\u00e9rence de Roberta Aglio, lors des rencontres de l&rsquo;ADAFA de Cr\u00e9mone le 24 octobre 2020<\/p>\n<style>.embed-container { position: relative; padding-bottom: 56.25%; height: 0; overflow: hidden; max-width: 100%; } .embed-container iframe, .embed-container object, .embed-container embed { position: absolute; top: 0; left: 0; width: 100%; height: 100%; }<\/style>\n<div class=\"embed-container\"><iframe src=\"https:\/\/www.youtube.com\/embed\/N2CCBcZQmZ0\" frameborder=\"0\" allowfullscreen=\"allowfullscreen\"><\/iframe><\/div>\n<p>Entretien entre Ed Harras (directeur de l&rsquo;American Journal of French Studies) et Maud P\u00e9rez-Simon (ma\u00eetresse de conf\u00e9rence en litt\u00e9rature m\u00e9di\u00e9vale, Universit\u00e9 Sorbonne Nouvelle &#8211; Paris 3) invit\u00e9e \u00e0 partager ses recherches sur les plafonds peints et sur les monstres, sous la forme d\u2019une discussion libre (ao\u00fbt 2020) :<\/p>\n<div class=\"embed-container\"><iframe src=\"https:\/\/www.youtube.com\/embed\/Bo92GfAehZs\" frameborder=\"0\" allowfullscreen=\"allowfullscreen\" data-mce-fragment=\"1\"><\/iframe><\/div>\n<p>\u00ab\u00a0La poutre de Saint-Polycarpe\u00a0\u00bb : communication donn\u00e9e par Pierre-Olivier Dittmar et Georges Puchal \u00e0 l&rsquo;occasion des 10e Rencontres de la RCPPM le 30 septembre 2017<\/p>\n<style>.embed-container { position: relative; padding-bottom: 56.25%; height: 0; overflow: hidden; max-width: 100%; } .embed-container iframe, .embed-container object, .embed-container embed { position: absolute; top: 0; left: 0; width: 100%; height: 100%; }<\/style>\n<div class=\"embed-container\"><iframe src=\"https:\/\/www.youtube.com\/embed\/tHnKSFJC7p0\" frameborder=\"0\" allowfullscreen=\"allowfullscreen\"><\/iframe><\/div>\n<p>\u00ab\u00a0La conqu\u00eate de Majorque sur un plafond montpelli\u00e9rain\u00a0\u00bb : communication donn\u00e9e par Jean-Louis Vayssettes \u00e0 l&rsquo;occasion des 10e Rencontres de la RCPPM le 30 septembre 217<\/p>\n<style>.embed-container { position: relative; padding-bottom: 56.25%; height: 0; overflow: hidden; max-width: 100%; } .embed-container iframe, .embed-container object, .embed-container embed { position: absolute; top: 0; left: 0; width: 100%; height: 100%; }<\/style>\n<div class=\"embed-container\"><iframe src=\"https:\/\/www.youtube.com\/embed\/ngURPVpe8Ho\" frameborder=\"0\" allowfullscreen=\"allowfullscreen\"><\/iframe><\/div>\n<div><\/div>\n","protected":false},"excerpt":{"rendered":"<p>Conf\u00e9rences et entretiens film\u00e9s des membres de l&rsquo;association. Retrouvez ces vid\u00e9os et de nombreuses autres r\u00e9alisations sur la cha\u00eene YouTube RCPPM Vid\u00e9o. \u00ab\u00a0Dal contesto locale&#46;&#46;&#46;<\/p>\n","protected":false},"author":11,"featured_media":0,"parent":1515,"menu_order":3,"comment_status":"closed","ping_status":"closed","template":"","meta":{"footnotes":"","_links_to":"","_links_to_target":""},"class_list":["post-3243","page","type-page","status-publish","hentry"],"_links":{"self":[{"href":"https:\/\/rcppm.org\/blog\/wp-json\/wp\/v2\/pages\/3243","targetHints":{"allow":["GET"]}}],"collection":[{"href":"https:\/\/rcppm.org\/blog\/wp-json\/wp\/v2\/pages"}],"about":[{"href":"https:\/\/rcppm.org\/blog\/wp-json\/wp\/v2\/types\/page"}],"author":[{"embeddable":true,"href":"https:\/\/rcppm.org\/blog\/wp-json\/wp\/v2\/users\/11"}],"replies":[{"embeddable":true,"href":"https:\/\/rcppm.org\/blog\/wp-json\/wp\/v2\/comments?post=3243"}],"version-history":[{"count":7,"href":"https:\/\/rcppm.org\/blog\/wp-json\/wp\/v2\/pages\/3243\/revisions"}],"predecessor-version":[{"id":4794,"href":"https:\/\/rcppm.org\/blog\/wp-json\/wp\/v2\/pages\/3243\/revisions\/4794"}],"up":[{"embeddable":true,"href":"https:\/\/rcppm.org\/blog\/wp-json\/wp\/v2\/pages\/1515"}],"wp:attachment":[{"href":"https:\/\/rcppm.org\/blog\/wp-json\/wp\/v2\/media?parent=3243"}],"curies":[{"name":"wp","href":"https:\/\/api.w.org\/{rel}","templated":true}]}}