{"id":3219,"date":"2019-05-26T16:56:32","date_gmt":"2019-05-26T14:56:32","guid":{"rendered":"http:\/\/rcppm.org\/blog\/?page_id=3219"},"modified":"2021-01-08T11:26:18","modified_gmt":"2021-01-08T09:26:18","slug":"videos-diverses-plafonds-peints","status":"publish","type":"page","link":"https:\/\/rcppm.org\/blog\/pro-et-chercheurs\/videos\/videos-diverses-plafonds-peints\/","title":{"rendered":"Divers"},"content":{"rendered":"<p>Retrouvez d&rsquo;autres vid\u00e9os sur la <a href=\"https:\/\/www.youtube.com\/channel\/UCEjNo-WXWht0z_IqVTLQ0rg\/videos\" target=\"_blank\" rel=\"noopener noreferrer\">cha\u00eene YouTube RCPPM Vid\u00e9o<\/a>.<\/p>\n<p>Les plafonds peints en danger :<\/p>\n<style>.embed-container { position: relative; padding-bottom: 56.25%; height: 0; overflow: hidden; max-width: 100%; } .embed-container iframe, .embed-container object, .embed-container embed { position: absolute; top: 0; left: 0; width: 100%; height: 100%; }<\/style>\n<div class=\"embed-container\"><iframe src=\"https:\/\/www.youtube.com\/embed\/\/kzctv30veeE\" frameborder=\"0\" allowfullscreen=\"allowfullscreen\"><\/iframe><\/div>\n<p>Un fragment de closoir cach\u00e9 dans le plafond (Puisserguier)<\/p>\n<style>.embed-container { position: relative; padding-bottom: 56.25%; height: 0; overflow: hidden; max-width: 100%; } .embed-container iframe, .embed-container object, .embed-container embed { position: absolute; top: 0; left: 0; width: 100%; height: 100%; }<\/style>\n<div class=\"embed-container\"><iframe src=\"https:\/\/www.youtube.com\/embed\/UIK7H-J-zkM\" frameborder=\"0\" allowfullscreen=\"allowfullscreen\"><\/iframe><\/div>\n<p>Prototype de maquette pour l&rsquo;\u00e9tude des plafonds peints. Pour plus de renseignements, <a href=\"https:\/\/rcppm.org\/blog\/lassociation-rcppm\/contact\/\">nous contacter<\/a>.<\/p>\n<style>.embed-container { position: relative; padding-bottom: 56.25%; height: 0; overflow: hidden; max-width: 100%; } .embed-container iframe, .embed-container object, .embed-container embed { position: absolute; top: 0; left: 0; width: 100%; height: 100%; }<\/style>\n<div class=\"embed-container\"><iframe src=\"https:\/\/www.youtube.com\/embed\/LHXsOgj50TU\" frameborder=\"0\" allowfullscreen=\"allowfullscreen\"><\/iframe><\/div>\n<p>Le plafond peint du Ch\u00e2teau de Latour-sur-Sorgues &#8211;\u00a0<a dir=\"ltr\" href=\"https:\/\/www.youtube.com\/channel\/UChUH4QByYVICARMYwRet6kw\" data-sessionlink=\"ei=3DYjVOqhIYON8wPa2oDIBA&amp;feature=watch\" data-ytid=\"UChUH4QByYVICARMYwRet6kw\" data-name=\"watch\">Association les Amis du Ch\u00e2teau de Latour<\/a><\/p>\n<style>.embed-container { position: relative; padding-bottom: 56.25%; height: 0; overflow: hidden; max-width: 100%; } .embed-container iframe, .embed-container object, .embed-container embed { position: absolute; top: 0; left: 0; width: 100%; height: 100%; }<\/style>\n<div class=\"embed-container\"><iframe src=\"https:\/\/www.youtube.com\/embed\/anB21_fC7Tk\" frameborder=\"0\" allowfullscreen=\"allowfullscreen\"><\/iframe><\/div>\n","protected":false},"excerpt":{"rendered":"<p>Retrouvez d&rsquo;autres vid\u00e9os sur la cha\u00eene YouTube RCPPM Vid\u00e9o. Les plafonds peints en danger : Un fragment de closoir cach\u00e9 dans le plafond (Puisserguier) Prototype&#46;&#46;&#46;<\/p>\n","protected":false},"author":11,"featured_media":0,"parent":1515,"menu_order":6,"comment_status":"closed","ping_status":"closed","template":"","meta":{"footnotes":"","_links_to":"","_links_to_target":""},"class_list":["post-3219","page","type-page","status-publish","hentry"],"_links":{"self":[{"href":"https:\/\/rcppm.org\/blog\/wp-json\/wp\/v2\/pages\/3219","targetHints":{"allow":["GET"]}}],"collection":[{"href":"https:\/\/rcppm.org\/blog\/wp-json\/wp\/v2\/pages"}],"about":[{"href":"https:\/\/rcppm.org\/blog\/wp-json\/wp\/v2\/types\/page"}],"author":[{"embeddable":true,"href":"https:\/\/rcppm.org\/blog\/wp-json\/wp\/v2\/users\/11"}],"replies":[{"embeddable":true,"href":"https:\/\/rcppm.org\/blog\/wp-json\/wp\/v2\/comments?post=3219"}],"version-history":[{"count":6,"href":"https:\/\/rcppm.org\/blog\/wp-json\/wp\/v2\/pages\/3219\/revisions"}],"predecessor-version":[{"id":4393,"href":"https:\/\/rcppm.org\/blog\/wp-json\/wp\/v2\/pages\/3219\/revisions\/4393"}],"up":[{"embeddable":true,"href":"https:\/\/rcppm.org\/blog\/wp-json\/wp\/v2\/pages\/1515"}],"wp:attachment":[{"href":"https:\/\/rcppm.org\/blog\/wp-json\/wp\/v2\/media?parent=3219"}],"curies":[{"name":"wp","href":"https:\/\/api.w.org\/{rel}","templated":true}]}}