{"id":3215,"date":"2019-05-26T16:49:56","date_gmt":"2019-05-26T14:49:56","guid":{"rendered":"http:\/\/rcppm.org\/blog\/?page_id=3215"},"modified":"2022-11-18T12:05:37","modified_gmt":"2022-11-18T10:05:37","slug":"restitutions-3d","status":"publish","type":"page","link":"https:\/\/rcppm.org\/blog\/pro-et-chercheurs\/videos\/restitutions-3d\/","title":{"rendered":"Restitutions 3D"},"content":{"rendered":"<p>Les vid\u00e9os pr\u00e9sentes ci-dessous ont \u00e9t\u00e9 con\u00e7ues par Jo\u00ebl Roure et Fr\u00e9deric Mazeran, Restit3D, membres de l&rsquo;association.<\/p>\n<p>Retrouvez ces vid\u00e9os et de nombreuses autres r\u00e9alisations sur la <a href=\"http:\/\/www.youtube.com\/channel\/UCEjNo-WXWht0z_IqVTLQ0rg\" target=\"_blank\" rel=\"noopener noreferrer\">cha\u00eene YouTube RCPPM Vid\u00e9o<\/a>.<\/p>\n<p>Restitution 3D simplifi\u00e9e \u00e0 caract\u00e8re p\u00e9dagogique de la tribune de Millas :<\/p>\n<style>.embed-container { position: relative; padding-bottom: 56.25%; height: 0; overflow: hidden; max-width: 100%; } .embed-container iframe, .embed-container object, .embed-container embed { position: absolute; top: 0; left: 0; width: 100%; height: 100%; }<\/style>\n<div class=\"embed-container\"><iframe src=\"https:\/\/www.youtube.com\/embed\/\/KCeitP5A2I4\" frameborder=\"0\" allowfullscreen=\"allowfullscreen\"><\/iframe><\/div>\n<p><br style=\"clear: both;\" \/><br \/>\nUne charpente peinte du ch\u00e2teau de Tarascon, qui pr\u00e9sente une remarquable structure en 3 syst\u00e8mes avec compartiments en caissons hexagonaux :<\/p>\n<style>.embed-container { position: relative; padding-bottom: 56.25%; height: 0; overflow: hidden; max-width: 100%; } .embed-container iframe, .embed-container object, .embed-container embed { position: absolute; top: 0; left: 0; width: 100%; height: 100%; }<\/style>\n<div class=\"embed-container\"><iframe src=\"https:\/\/www.youtube.com\/embed\/\/oWCqY-0cFpQ\" frameborder=\"0\" allowfullscreen=\"allowfullscreen\"><\/iframe><\/div>\n<p><br style=\"clear: both;\" \/><br \/>\nUn plafond peint de Die, comportant de magnifiques closoirs tr\u00e8s color\u00e9s, un travail d&rsquo;une grande finesse :<\/p>\n<style>.embed-container { position: relative; padding-bottom: 56.25%; height: 0; overflow: hidden; max-width: 100%; } .embed-container iframe, .embed-container object, .embed-container embed { position: absolute; top: 0; left: 0; width: 100%; height: 100%; }<\/style>\n<div class=\"embed-container\"><iframe src=\"https:\/\/www.youtube.com\/embed\/\/i4loVcA0v-Y\" frameborder=\"0\" allowfullscreen=\"allowfullscreen\"><\/iframe><\/div>\n<p><br style=\"clear: both;\" \/><br \/>\nUn plafond peint du XVe si\u00e8cle, fleuron du patrimoine artistique d&rsquo;Aigueperse. En savoir plus : <a class=\"yt-simple-endpoint style-scope yt-formatted-string\" spellcheck=\"false\" href=\"https:\/\/www.youtube.com\/redirect?q=http%3A%2F%2Fwww.sparsae.fr%2Fhors-serie-n7%2F&amp;v=wic6P_uovlg&amp;event=video_description&amp;redir_token=y7Vsc0CUGuIx4lglL2L722ZSr_98MTUzMDI1NjU0OUAxNTMwMTcwMTQ5\">http:\/\/www.sparsae.fr\/hors-serie-n7\/<\/a><\/p>\n<style>.embed-container { position: relative; padding-bottom: 56.25%; height: 0; overflow: hidden; max-width: 100%; } .embed-container iframe, .embed-container object, .embed-container embed { position: absolute; top: 0; left: 0; width: 100%; height: 100%; }<\/style>\n<div class=\"embed-container\"><iframe src=\"https:\/\/www.youtube.com\/embed\/wic6P_uovlg\" frameborder=\"0\" allowfullscreen=\"allowfullscreen\"><\/iframe><\/div>\n","protected":false},"excerpt":{"rendered":"<p>Les vid\u00e9os pr\u00e9sentes ci-dessous ont \u00e9t\u00e9 con\u00e7ues par Jo\u00ebl Roure et Fr\u00e9deric Mazeran, Restit3D, membres de l&rsquo;association. Retrouvez ces vid\u00e9os et de nombreuses autres r\u00e9alisations&#46;&#46;&#46;<\/p>\n","protected":false},"author":11,"featured_media":0,"parent":1515,"menu_order":1,"comment_status":"closed","ping_status":"closed","template":"","meta":{"footnotes":"","_links_to":"","_links_to_target":""},"class_list":["post-3215","page","type-page","status-publish","hentry"],"_links":{"self":[{"href":"https:\/\/rcppm.org\/blog\/wp-json\/wp\/v2\/pages\/3215","targetHints":{"allow":["GET"]}}],"collection":[{"href":"https:\/\/rcppm.org\/blog\/wp-json\/wp\/v2\/pages"}],"about":[{"href":"https:\/\/rcppm.org\/blog\/wp-json\/wp\/v2\/types\/page"}],"author":[{"embeddable":true,"href":"https:\/\/rcppm.org\/blog\/wp-json\/wp\/v2\/users\/11"}],"replies":[{"embeddable":true,"href":"https:\/\/rcppm.org\/blog\/wp-json\/wp\/v2\/comments?post=3215"}],"version-history":[{"count":17,"href":"https:\/\/rcppm.org\/blog\/wp-json\/wp\/v2\/pages\/3215\/revisions"}],"predecessor-version":[{"id":5578,"href":"https:\/\/rcppm.org\/blog\/wp-json\/wp\/v2\/pages\/3215\/revisions\/5578"}],"up":[{"embeddable":true,"href":"https:\/\/rcppm.org\/blog\/wp-json\/wp\/v2\/pages\/1515"}],"wp:attachment":[{"href":"https:\/\/rcppm.org\/blog\/wp-json\/wp\/v2\/media?parent=3215"}],"curies":[{"name":"wp","href":"https:\/\/api.w.org\/{rel}","templated":true}]}}