{"id":3212,"date":"2019-05-26T16:44:49","date_gmt":"2019-05-26T14:44:49","guid":{"rendered":"http:\/\/rcppm.org\/blog\/?page_id=3212"},"modified":"2023-02-25T12:23:55","modified_gmt":"2023-02-25T10:23:55","slug":"videos-du-cnrs-plafonds-peints","status":"publish","type":"page","link":"https:\/\/rcppm.org\/blog\/pro-et-chercheurs\/videos\/videos-du-cnrs-plafonds-peints\/","title":{"rendered":"Documentaires"},"content":{"rendered":"<h1>Documentaires :<\/h1>\n<p><strong>Un plafond peint m\u00e9di\u00e9val \u00e0 Albi &#8211; La maison des Chanoines<\/strong><\/p>\n<p>Vid\u00e9o r\u00e9alis\u00e9e par la RCPPM, la r\u00e9gion Occitanie et Had\u00e8s (bureau d&rsquo;investigations arch\u00e9ologiques)<br \/>\nDur\u00e9e : 4 minutes 16<\/p>\n<p><iframe loading=\"lazy\" title=\"YouTube video player\" src=\"https:\/\/www.youtube.com\/embed\/2PT9SKebI7o\" width=\"560\" height=\"315\" frameborder=\"0\" allowfullscreen=\"allowfullscreen\"><\/iframe><\/p>\n<p><strong>Le plafond de la salle 223 du Palais Vieux des archev\u00eaques de Narbonne : pr\u00e9sentation par Julien Foltran (Had\u00e8s) et Georges Puchal (RCPPM)<\/strong><\/p>\n<p>Vid\u00e9o r\u00e9alis\u00e9e par Had\u00e8s (bureau d&rsquo;investigations arch\u00e9ologiques), la RCPPM et la ville de Narbonne, 2021<br \/>\nDur\u00e9e : 4 minutes 10<\/p>\n<style>.embed-container { position: relative; padding-bottom: 56.25%; height: 0; overflow: hidden; max-width: 100%; } .embed-container iframe, .embed-container object, .embed-container embed { position: absolute; top: 0; left: 0; width: 100%; height: 100%; }<\/style>\n<div class=\"embed-container\"><iframe src=\"https:\/\/www.youtube.com\/embed\/\/QduBykV59XA\" frameborder=\"0\" allowfullscreen=\"allowfullscreen\"><\/iframe><\/div>\n<p><strong>Le plafond de la salle 231 du Palais Vieux des archev\u00eaques de Narbonne : pr\u00e9sentation par Monique Bourin<\/strong><\/p>\n<p>Vid\u00e9o r\u00e9alis\u00e9e par Had\u00e8s (bureau d&rsquo;investigations arch\u00e9ologiques), la RCPPM et la ville de Narbonne, 2021<br \/>\nDur\u00e9e : 5 minutes 28<\/p>\n<style>.embed-container { position: relative; padding-bottom: 56.25%; height: 0; overflow: hidden; max-width: 100%; } .embed-container iframe, .embed-container object, .embed-container embed { position: absolute; top: 0; left: 0; width: 100%; height: 100%; }<\/style>\n<div class=\"embed-container\"><iframe src=\"https:\/\/www.youtube.com\/embed\/\/4CQQ4nP_SPw\" frameborder=\"0\" allowfullscreen=\"allowfullscreen\"><\/iframe><\/div>\n<h1>Productions du CNRS :<\/h1>\n<p><strong>Nouvelles images du Moyen \u00c2ge<\/strong><\/p>\n<p>Production CNRS Images 2014<br \/>\nR\u00e9alisation : \u00a0<span class=\"person_lex rebond\">RAMBAUD Paul<span class=\"affiliation\">\u00a0(CNRS Images, UPS CNRS, Meudon)<br \/>\nDur\u00e9e : 5 minutes 31\u00a0<\/span><\/span><\/p>\n<p><img loading=\"lazy\" decoding=\"async\" class=\" wp-image-3210 aligncenter\" src=\"https:\/\/rcppm.org\/blog\/wp-content\/uploads\/2019\/05\/Vid\u00e9o-CNRS-plafonds-peints-2014-e1606142354652-300x118.png\" alt=\"Extrait de la vid\u00e9o du CNRS sur les plafonds peints de 2014\" width=\"445\" height=\"175\" srcset=\"https:\/\/rcppm.org\/blog\/wp-content\/uploads\/2019\/05\/Vid\u00e9o-CNRS-plafonds-peints-2014-e1606142354652-300x118.png 300w, https:\/\/rcppm.org\/blog\/wp-content\/uploads\/2019\/05\/Vid\u00e9o-CNRS-plafonds-peints-2014-e1606142354652-768x301.png 768w, https:\/\/rcppm.org\/blog\/wp-content\/uploads\/2019\/05\/Vid\u00e9o-CNRS-plafonds-peints-2014-e1606142354652-1024x401.png 1024w, https:\/\/rcppm.org\/blog\/wp-content\/uploads\/2019\/05\/Vid\u00e9o-CNRS-plafonds-peints-2014-e1606142354652.png 1612w\" sizes=\"auto, (max-width: 445px) 100vw, 445px\" \/><\/p>\n<p>Source <a href=\"https:\/\/videotheque.cnrs.fr\/doc=4237\">Vid\u00e9oth\u00e8que CNRS<\/a><br \/>\nArticle <a href=\"https:\/\/lejournal.cnrs.fr\/videos\/le-moyen-age-comme-vous-ne-lavez-jamais-vu\">Journal du CNRS<\/a><\/p>\n<p><strong>Les maisons aux images \u2013 les plafonds peints au Moyen \u00c2ge<\/strong><\/p>\n<p>Production CNRS Images 2014<br \/>\nR\u00e9alisation : \u00a0<span class=\"person_lex rebond\">DELHAYE Claude<span class=\"affiliation\"> (CNRS Images, UPS CNRS, Meudon)<br \/>\nDur\u00e9e : 40 minutes<\/span><\/span><\/p>\n<style>.embed-container { position: relative; padding-bottom: 56.25%; height: 0; overflow: hidden; max-width: 100%; } .embed-container iframe, .embed-container object, .embed-container embed { position: absolute; top: 0; left: 0; width: 100%; height: 100%; }<\/style>\n<div class=\"embed-container\"><iframe src=\"https:\/\/www.youtube.com\/embed\/\/1TgO1fPEzMw\" frameborder=\"0\" allowfullscreen=\"allowfullscreen\"><\/iframe><\/div>\n<div><\/div>\n<div>Source <a href=\"https:\/\/videotheque.cnrs.fr\/doc=4227\">Vid\u00e9oth\u00e8que CNRS<\/a><\/div>\n","protected":false},"excerpt":{"rendered":"<p>Documentaires : Un plafond peint m\u00e9di\u00e9val \u00e0 Albi &#8211; La maison des Chanoines Vid\u00e9o r\u00e9alis\u00e9e par la RCPPM, la r\u00e9gion Occitanie et Had\u00e8s (bureau d&rsquo;investigations&#46;&#46;&#46;<\/p>\n","protected":false},"author":11,"featured_media":0,"parent":1515,"menu_order":2,"comment_status":"closed","ping_status":"closed","template":"","meta":{"footnotes":"","_links_to":"","_links_to_target":""},"class_list":["post-3212","page","type-page","status-publish","hentry"],"_links":{"self":[{"href":"https:\/\/rcppm.org\/blog\/wp-json\/wp\/v2\/pages\/3212","targetHints":{"allow":["GET"]}}],"collection":[{"href":"https:\/\/rcppm.org\/blog\/wp-json\/wp\/v2\/pages"}],"about":[{"href":"https:\/\/rcppm.org\/blog\/wp-json\/wp\/v2\/types\/page"}],"author":[{"embeddable":true,"href":"https:\/\/rcppm.org\/blog\/wp-json\/wp\/v2\/users\/11"}],"replies":[{"embeddable":true,"href":"https:\/\/rcppm.org\/blog\/wp-json\/wp\/v2\/comments?post=3212"}],"version-history":[{"count":22,"href":"https:\/\/rcppm.org\/blog\/wp-json\/wp\/v2\/pages\/3212\/revisions"}],"predecessor-version":[{"id":5652,"href":"https:\/\/rcppm.org\/blog\/wp-json\/wp\/v2\/pages\/3212\/revisions\/5652"}],"up":[{"embeddable":true,"href":"https:\/\/rcppm.org\/blog\/wp-json\/wp\/v2\/pages\/1515"}],"wp:attachment":[{"href":"https:\/\/rcppm.org\/blog\/wp-json\/wp\/v2\/media?parent=3212"}],"curies":[{"name":"wp","href":"https:\/\/api.w.org\/{rel}","templated":true}]}}