{"id":3157,"date":"2019-05-23T12:51:32","date_gmt":"2019-05-23T10:51:32","guid":{"rendered":"http:\/\/rcppm.org\/blog\/?page_id=3157"},"modified":"2022-02-05T21:33:50","modified_gmt":"2022-02-05T19:33:50","slug":"partenaires-et-sites-amis-actions-pedagogiques","status":"publish","type":"page","link":"https:\/\/rcppm.org\/blog\/partenaires\/partenaires-et-sites-amis-actions-pedagogiques\/","title":{"rendered":"Jeune public"},"content":{"rendered":"<h1>Services \u00e9ducatifs<\/h1>\n<p>Monuments ayant mis en place un service p\u00e9dagogique et \u00e9ducatif autour d&rsquo;un plafond peint :<\/p>\n<p>&#8211; <a href=\"http:\/\/http:\/\/www.herault-tourisme.com\/activites\/CHATEAU-DE-L-ARCHEVEQUE-DE-NARBONNE-A-CAPESTANG\/fiche-PCULAR0340000159-1.html\" target=\"_blank\" rel=\"noopener noreferrer\">ch\u00e2teau des archev\u00eaques de Narbonne, \u00e0 Capestang (34) :<\/a> visites guid\u00e9es et ateliers avec le <a href=\"https:\/\/www.cc-sud-herault.fr\/culture\/service-educatif\/presentation\/\" target=\"_blank\" rel=\"noopener noreferrer\">Service \u00e9ducatif de la communaut\u00e9 de communes Sud-H\u00e9rault<\/a>. Bient\u00f4t au ch\u00e2teau de Puisserguier \u00e9galement.<br \/>\n&#8211; <a href=\"http:\/\/www.perpignantourisme.com\/decouvrir\/monuments\/palais-rois-majorque#sthash.VwYGnIlO.dpbs\" target=\"_blank\" rel=\"noopener noreferrer\">palais des Rois de Majorque, \u00e0 Perpignan (66)<\/a><br \/>\n&#8211; <a href=\"http:\/\/www.gard-provencal.com\/musees\/artsacre.htm\" target=\"_blank\" rel=\"noopener noreferrer\">maison Piolenc, \u00e0 Pont-Saint-Esprit (30) :<\/a> plus d&rsquo;une dizaine d&rsquo;ateliers pour les scolaires !<br \/>\n&#8211; <a href=\"http:\/\/musee.metzmetropole.fr\/site\/service_educ.php\" target=\"_blank\" rel=\"noopener noreferrer\">Mus\u00e9e de La Cour d&rsquo;Or-\u00a0Metz M\u00e9tropole<\/a> (57) : autour du bestiaire<\/p>\n<h1>L&rsquo;art de peindre<\/h1>\n<p>Anne Leturque est peintre en d\u00e9cor du patrimoine et chercheure ind\u00e9pendante. Son site <a href=\"https:\/\/lartdepeindre.wordpress.com\/\" target=\"_blank\" rel=\"noopener\">\u00ab\u00a0L&rsquo;art de peindre\u00a0\u00bb<\/a> rassemble de nombreuses informations et exemples relatifs \u00e0 son action autour des images m\u00e9di\u00e9vales.<\/p>\n<p>Gr\u00e2ce \u00e0 son exp\u00e9rience dans le domaine de la valorisation du patrimoine, Anne Leturque propose des ateliers et stages techniques, visites guid\u00e9es, conf\u00e9rences, dossiers p\u00e9dagogiques&#8230; Vous trouverez plus d&rsquo;informations <a href=\"https:\/\/lartdepeindre.files.wordpress.com\/2019\/02\/plaquette-version-web.pdf\" target=\"_blank\" rel=\"noopener\">dans ce document (ouvre un nouvel onglet)<\/a>.<\/p>\n<h1>L&rsquo;IDAP<\/h1>\n<p>L&rsquo;IDAP est une association dont le but est de cr\u00e9er des liens entre les personnes en \u00e9laborant des outils de m\u00e9diation. Elle\u00a0intervient sur divers projets : appui \u00e0 des associations, animation de conf\u00e9rences, d\u00e9marches scolaires, visites de mus\u00e9es, week-ends d&rsquo;exploration, r\u00e9alisation de jeux de soci\u00e9t\u00e9&#8230;<\/p>\n<p>En 2014, le projet <a href=\"http:\/\/florinemarie.wixsite.com\/idap\/single-post\/2014\/06\/16\/Du-sol-au-plafond-pr%C3%A9sentation-finale?p=4424\" target=\"_blank\" rel=\"noopener\">\u00ab\u00a0Du sol au plafond\u00a0\u00bb<\/a> a mobilis\u00e9 les \u00e9l\u00e8ves de seconde A du lyc\u00e9e La Trinit\u00e9 de B\u00e9ziers autour du plafond peint de Capestang.<\/p>\n","protected":false},"excerpt":{"rendered":"<p>Services \u00e9ducatifs Monuments ayant mis en place un service p\u00e9dagogique et \u00e9ducatif autour d&rsquo;un plafond peint : &#8211; ch\u00e2teau des archev\u00eaques de Narbonne, \u00e0 Capestang&#46;&#46;&#46;<\/p>\n","protected":false},"author":11,"featured_media":0,"parent":3252,"menu_order":5,"comment_status":"closed","ping_status":"closed","template":"","meta":{"footnotes":"","_links_to":"","_links_to_target":""},"class_list":["post-3157","page","type-page","status-publish","hentry"],"_links":{"self":[{"href":"https:\/\/rcppm.org\/blog\/wp-json\/wp\/v2\/pages\/3157","targetHints":{"allow":["GET"]}}],"collection":[{"href":"https:\/\/rcppm.org\/blog\/wp-json\/wp\/v2\/pages"}],"about":[{"href":"https:\/\/rcppm.org\/blog\/wp-json\/wp\/v2\/types\/page"}],"author":[{"embeddable":true,"href":"https:\/\/rcppm.org\/blog\/wp-json\/wp\/v2\/users\/11"}],"replies":[{"embeddable":true,"href":"https:\/\/rcppm.org\/blog\/wp-json\/wp\/v2\/comments?post=3157"}],"version-history":[{"count":6,"href":"https:\/\/rcppm.org\/blog\/wp-json\/wp\/v2\/pages\/3157\/revisions"}],"predecessor-version":[{"id":4991,"href":"https:\/\/rcppm.org\/blog\/wp-json\/wp\/v2\/pages\/3157\/revisions\/4991"}],"up":[{"embeddable":true,"href":"https:\/\/rcppm.org\/blog\/wp-json\/wp\/v2\/pages\/3252"}],"wp:attachment":[{"href":"https:\/\/rcppm.org\/blog\/wp-json\/wp\/v2\/media?parent=3157"}],"curies":[{"name":"wp","href":"https:\/\/api.w.org\/{rel}","templated":true}]}}