{"id":3120,"date":"2019-05-23T10:51:15","date_gmt":"2019-05-23T08:51:15","guid":{"rendered":"http:\/\/rcppm.org\/blog\/?page_id=3120"},"modified":"2020-09-22T21:10:50","modified_gmt":"2020-09-22T19:10:50","slug":"adherer-a-lassociation","status":"publish","type":"page","link":"https:\/\/rcppm.org\/blog\/participer-plafonds-peints\/adherer-a-lassociation\/","title":{"rendered":"Adh\u00e9rer \u00e0 l&rsquo;association"},"content":{"rendered":"<p>Vous souhaitez soutenir l&rsquo;action de la RCPPM ? Que vous souhaitiez vous investir activement dans la vie de l&rsquo;association ou non, vous pouvez compl\u00e9ter le bulletin d&rsquo;adh\u00e9sion afin de nous accompagner dans notre d\u00e9marche.<\/p>\n<p><a href=\"https:\/\/rcppm.org\/blog\/wp-content\/uploads\/2020\/09\/adh\u00e9sion-web-2020.docx\">Bulletin d&rsquo;adh\u00e9sion \u00e0 t\u00e9l\u00e9charger<\/a>.<\/p>\n<p>N&rsquo;h\u00e9sitez pas \u00e0 nous contacter pour toute question \u00e0\u00a0plafondspeints@sfr.fr ou <em>via<\/em> les r\u00e9seaux sociaux :<\/p>\n<p>Facebook : <a href=\"https:\/\/www.facebook.com\/Recherche-sur-les-Charpentes-et-les-Plafonds-Peints-M%C3%A9di%C3%A9vaux-108556049209743\/?ref=bookmarks\" target=\"_blank\" rel=\"noopener noreferrer\">Recherche sur les Charpentes et les Plafonds Peints M\u00e9di\u00e9vaux<\/a><\/p>\n<p>Twitter : <a href=\"https:\/\/twitter.com\/RCPPMassoc\" target=\"_blank\" rel=\"noopener noreferrer\">@RCPPMassoc<\/a><\/p>\n","protected":false},"excerpt":{"rendered":"<p>Vous souhaitez soutenir l&rsquo;action de la RCPPM ? Que vous souhaitiez vous investir activement dans la vie de l&rsquo;association ou non, vous pouvez compl\u00e9ter le&#46;&#46;&#46;<\/p>\n","protected":false},"author":11,"featured_media":0,"parent":3116,"menu_order":2,"comment_status":"closed","ping_status":"closed","template":"","meta":{"footnotes":"","_links_to":"","_links_to_target":""},"class_list":["post-3120","page","type-page","status-publish","hentry"],"_links":{"self":[{"href":"https:\/\/rcppm.org\/blog\/wp-json\/wp\/v2\/pages\/3120","targetHints":{"allow":["GET"]}}],"collection":[{"href":"https:\/\/rcppm.org\/blog\/wp-json\/wp\/v2\/pages"}],"about":[{"href":"https:\/\/rcppm.org\/blog\/wp-json\/wp\/v2\/types\/page"}],"author":[{"embeddable":true,"href":"https:\/\/rcppm.org\/blog\/wp-json\/wp\/v2\/users\/11"}],"replies":[{"embeddable":true,"href":"https:\/\/rcppm.org\/blog\/wp-json\/wp\/v2\/comments?post=3120"}],"version-history":[{"count":5,"href":"https:\/\/rcppm.org\/blog\/wp-json\/wp\/v2\/pages\/3120\/revisions"}],"predecessor-version":[{"id":4152,"href":"https:\/\/rcppm.org\/blog\/wp-json\/wp\/v2\/pages\/3120\/revisions\/4152"}],"up":[{"embeddable":true,"href":"https:\/\/rcppm.org\/blog\/wp-json\/wp\/v2\/pages\/3116"}],"wp:attachment":[{"href":"https:\/\/rcppm.org\/blog\/wp-json\/wp\/v2\/media?parent=3120"}],"curies":[{"name":"wp","href":"https:\/\/api.w.org\/{rel}","templated":true}]}}