{"id":3116,"date":"2019-05-23T10:31:23","date_gmt":"2019-05-23T08:31:23","guid":{"rendered":"http:\/\/rcppm.org\/blog\/?page_id=3116"},"modified":"2019-05-23T10:47:56","modified_gmt":"2019-05-23T08:47:56","slug":"participer-plafonds-peints","status":"publish","type":"page","link":"https:\/\/rcppm.org\/blog\/participer-plafonds-peints\/","title":{"rendered":"Participer"},"content":{"rendered":"<p>Habitant d&rsquo;une localit\u00e9 abritant un plafond peint, voyageur curieux, amoureux des beaux int\u00e9rieurs ou de la p\u00e9riode m\u00e9di\u00e9vale, ou tout autre amateur de plafonds peints, vous pouvez aider \u00e0 valoriser ce patrimoine encore peu connu.<\/p>\n<p><a href=\"https:\/\/rcppm.org\/blog\/pro-et-chercheurs\/comment-participer-a-la-connaissance-des-plafonds-peints\/\">Comment contribuer \u00e0 la connaissance des plafonds peints ?<\/a><\/p>\n<p><a href=\"https:\/\/rcppm.org\/blog\/pro-et-chercheurs\/les-bonnes-pratiques-photographiques\/\">Les bonnes pratiques photographiques<\/a><\/p>\n<p><a href=\"https:\/\/rcppm.org\/blog\/adherer-a-lassociation\/\">Adh\u00e9rer \u00e0 l&rsquo;association<\/a><\/p>\n","protected":false},"excerpt":{"rendered":"<p>Habitant d&rsquo;une localit\u00e9 abritant un plafond peint, voyageur curieux, amoureux des beaux int\u00e9rieurs ou de la p\u00e9riode m\u00e9di\u00e9vale, ou tout autre amateur de plafonds peints,&#46;&#46;&#46;<\/p>\n","protected":false},"author":11,"featured_media":0,"parent":0,"menu_order":4,"comment_status":"closed","ping_status":"closed","template":"","meta":{"footnotes":"","_links_to":"","_links_to_target":""},"class_list":["post-3116","page","type-page","status-publish","hentry"],"_links":{"self":[{"href":"https:\/\/rcppm.org\/blog\/wp-json\/wp\/v2\/pages\/3116","targetHints":{"allow":["GET"]}}],"collection":[{"href":"https:\/\/rcppm.org\/blog\/wp-json\/wp\/v2\/pages"}],"about":[{"href":"https:\/\/rcppm.org\/blog\/wp-json\/wp\/v2\/types\/page"}],"author":[{"embeddable":true,"href":"https:\/\/rcppm.org\/blog\/wp-json\/wp\/v2\/users\/11"}],"replies":[{"embeddable":true,"href":"https:\/\/rcppm.org\/blog\/wp-json\/wp\/v2\/comments?post=3116"}],"version-history":[{"count":3,"href":"https:\/\/rcppm.org\/blog\/wp-json\/wp\/v2\/pages\/3116\/revisions"}],"predecessor-version":[{"id":3126,"href":"https:\/\/rcppm.org\/blog\/wp-json\/wp\/v2\/pages\/3116\/revisions\/3126"}],"wp:attachment":[{"href":"https:\/\/rcppm.org\/blog\/wp-json\/wp\/v2\/media?parent=3116"}],"curies":[{"name":"wp","href":"https:\/\/api.w.org\/{rel}","templated":true}]}}