{"id":3096,"date":"2019-05-26T10:01:45","date_gmt":"2019-05-26T08:01:45","guid":{"rendered":"http:\/\/rcppm.org\/blog\/?page_id=3096"},"modified":"2019-07-09T18:40:59","modified_gmt":"2019-07-09T16:40:59","slug":"inventaire-des-plafonds-peints-medievaux","status":"publish","type":"page","link":"https:\/\/rcppm.org\/blog\/histoire-et-decouverte\/inventaire-des-plafonds-peints-medievaux\/","title":{"rendered":"Inventaire des plafonds peints"},"content":{"rendered":"<p>De nombreux plafonds peints ont \u00e9t\u00e9 conserv\u00e9s tant bien que mal, que ce soit en France, en Italie, en Espagne ou encore en Allemagne&#8230;<\/p>\n<p>La plupart sont situ\u00e9s dans l&rsquo;arc m\u00e9diterran\u00e9en. Vous pouvez voir leur emplacement sur <a href=\"https:\/\/rcppm.org\/blog\/histoire-et-decouverte\/carte-interactiv\u2026peints-medievaux\/\">la carte interactive<\/a>.<\/p>\n<p>Voici un inventaire des plafonds avec leur pr\u00e9sentation. Il est r\u00e9guli\u00e8rement nourri des plafonds d\u00e9couverts. Si vous en connaissez un qui n&rsquo;y figure pas, n&rsquo;h\u00e9sitez pas \u00e0 le signaler <em>via<\/em>\u00a0<a href=\"https:\/\/rcppm.org\/blog\/histoire-et-decouverte\/carte-interactiv\u2026peints-medievaux\/\">la carte interactive<\/a> ou <a href=\"https:\/\/rcppm.org\/blog\/lassociation-rcppm\/contact\/\">en nous contactant<\/a>.<\/p>\n\n\n<div style=\"height:50px\" aria-hidden=\"true\" class=\"wp-block-spacer\"><\/div>\n\n\n\n<div class=\"wp-block-media-text alignwide\" style=\"grid-template-columns:49% auto\"><figure class=\"wp-block-media-text__media\"><img loading=\"lazy\" decoding=\"async\" width=\"1024\" height=\"492\" src=\"https:\/\/rcppm.org\/blog\/wp-content\/uploads\/2019\/07\/Miniature-Languedoc-Roussillon-ch\u00e2teau-de-Pomas-1024x492.jpg\" alt=\"\" class=\"wp-image-3764\" srcset=\"https:\/\/rcppm.org\/blog\/wp-content\/uploads\/2019\/07\/Miniature-Languedoc-Roussillon-ch\u00e2teau-de-Pomas-1024x492.jpg 1024w, https:\/\/rcppm.org\/blog\/wp-content\/uploads\/2019\/07\/Miniature-Languedoc-Roussillon-ch\u00e2teau-de-Pomas-478x229.jpg 478w, https:\/\/rcppm.org\/blog\/wp-content\/uploads\/2019\/07\/Miniature-Languedoc-Roussillon-ch\u00e2teau-de-Pomas-300x144.jpg 300w, https:\/\/rcppm.org\/blog\/wp-content\/uploads\/2019\/07\/Miniature-Languedoc-Roussillon-ch\u00e2teau-de-Pomas-768x369.jpg 768w, https:\/\/rcppm.org\/blog\/wp-content\/uploads\/2019\/07\/Miniature-Languedoc-Roussillon-ch\u00e2teau-de-Pomas.jpg 1471w\" sizes=\"auto, (max-width: 1024px) 100vw, 1024px\" \/><\/figure><div class=\"wp-block-media-text__content\">\n<p class=\"has-large-font-size\"><a href=\"https:\/\/rcppm.org\/blog\/category\/languedoc\/\" target=\"_blank\" rel=\"noreferrer noopener\" aria-label=\"Languedoc-Roussillon (s\u2019ouvre dans un nouvel onglet)\">Languedoc-Roussillon<\/a><\/p>\n<\/div><\/div>\n\n\n\n<div style=\"height:50px\" aria-hidden=\"true\" class=\"wp-block-spacer\"><\/div>\n\n\n\n<div class=\"wp-block-media-text alignwide\" style=\"grid-template-columns:49% auto\"><figure class=\"wp-block-media-text__media\"><img loading=\"lazy\" decoding=\"async\" width=\"1024\" height=\"492\" src=\"https:\/\/rcppm.org\/blog\/wp-content\/uploads\/2019\/07\/Miniature-Lorraine-Metz-plafond-aux-fleurs-rue-de-la-Ch\u00e8vre-1024x492.jpg\" alt=\"\" class=\"wp-image-3762\" srcset=\"https:\/\/rcppm.org\/blog\/wp-content\/uploads\/2019\/07\/Miniature-Lorraine-Metz-plafond-aux-fleurs-rue-de-la-Ch\u00e8vre-1024x492.jpg 1024w, https:\/\/rcppm.org\/blog\/wp-content\/uploads\/2019\/07\/Miniature-Lorraine-Metz-plafond-aux-fleurs-rue-de-la-Ch\u00e8vre-478x229.jpg 478w, https:\/\/rcppm.org\/blog\/wp-content\/uploads\/2019\/07\/Miniature-Lorraine-Metz-plafond-aux-fleurs-rue-de-la-Ch\u00e8vre-300x144.jpg 300w, https:\/\/rcppm.org\/blog\/wp-content\/uploads\/2019\/07\/Miniature-Lorraine-Metz-plafond-aux-fleurs-rue-de-la-Ch\u00e8vre-768x369.jpg 768w, https:\/\/rcppm.org\/blog\/wp-content\/uploads\/2019\/07\/Miniature-Lorraine-Metz-plafond-aux-fleurs-rue-de-la-Ch\u00e8vre.jpg 1471w\" sizes=\"auto, (max-width: 1024px) 100vw, 1024px\" \/><\/figure><div class=\"wp-block-media-text__content\">\n<p class=\"has-large-font-size\"><a href=\"https:\/\/rcppm.org\/blog\/category\/lorraine\/\" target=\"_blank\" rel=\"noreferrer noopener\" aria-label=\"Lorraine (s\u2019ouvre dans un nouvel onglet)\">Lorraine<\/a><\/p>\n<\/div><\/div>\n\n\n\n<div style=\"height:50px\" aria-hidden=\"true\" class=\"wp-block-spacer\"><\/div>\n\n\n\n<div class=\"wp-block-media-text alignwide\" style=\"grid-template-columns:49% auto\"><figure class=\"wp-block-media-text__media\"><img loading=\"lazy\" decoding=\"async\" width=\"1024\" height=\"492\" src=\"https:\/\/rcppm.org\/blog\/wp-content\/uploads\/2019\/07\/Miniature-Italie-Saluzzo-Casa-della-Chiesa-1024x492.jpg\" alt=\"\" class=\"wp-image-3763\" srcset=\"https:\/\/rcppm.org\/blog\/wp-content\/uploads\/2019\/07\/Miniature-Italie-Saluzzo-Casa-della-Chiesa-1024x492.jpg 1024w, https:\/\/rcppm.org\/blog\/wp-content\/uploads\/2019\/07\/Miniature-Italie-Saluzzo-Casa-della-Chiesa-478x229.jpg 478w, https:\/\/rcppm.org\/blog\/wp-content\/uploads\/2019\/07\/Miniature-Italie-Saluzzo-Casa-della-Chiesa-300x144.jpg 300w, https:\/\/rcppm.org\/blog\/wp-content\/uploads\/2019\/07\/Miniature-Italie-Saluzzo-Casa-della-Chiesa-768x369.jpg 768w, https:\/\/rcppm.org\/blog\/wp-content\/uploads\/2019\/07\/Miniature-Italie-Saluzzo-Casa-della-Chiesa.jpg 1471w\" sizes=\"auto, (max-width: 1024px) 100vw, 1024px\" \/><\/figure><div class=\"wp-block-media-text__content\">\n<p class=\"has-large-font-size\"><a href=\"https:\/\/rcppm.org\/blog\/category\/italie\/\" target=\"_blank\" rel=\"noreferrer noopener\" aria-label=\"Italie (s\u2019ouvre dans un nouvel onglet)\">Italie<\/a><\/p>\n<\/div><\/div>\n","protected":false},"excerpt":{"rendered":"<p>De nombreux plafonds peints ont \u00e9t\u00e9 conserv\u00e9s tant bien que mal, que ce soit en France, en Italie, en Espagne ou encore en Allemagne&#8230; La&#46;&#46;&#46;<\/p>\n","protected":false},"author":11,"featured_media":0,"parent":83,"menu_order":4,"comment_status":"closed","ping_status":"closed","template":"","meta":{"footnotes":"","_links_to":"","_links_to_target":""},"class_list":["post-3096","page","type-page","status-publish","hentry"],"_links":{"self":[{"href":"https:\/\/rcppm.org\/blog\/wp-json\/wp\/v2\/pages\/3096","targetHints":{"allow":["GET"]}}],"collection":[{"href":"https:\/\/rcppm.org\/blog\/wp-json\/wp\/v2\/pages"}],"about":[{"href":"https:\/\/rcppm.org\/blog\/wp-json\/wp\/v2\/types\/page"}],"author":[{"embeddable":true,"href":"https:\/\/rcppm.org\/blog\/wp-json\/wp\/v2\/users\/11"}],"replies":[{"embeddable":true,"href":"https:\/\/rcppm.org\/blog\/wp-json\/wp\/v2\/comments?post=3096"}],"version-history":[{"count":9,"href":"https:\/\/rcppm.org\/blog\/wp-json\/wp\/v2\/pages\/3096\/revisions"}],"predecessor-version":[{"id":3768,"href":"https:\/\/rcppm.org\/blog\/wp-json\/wp\/v2\/pages\/3096\/revisions\/3768"}],"up":[{"embeddable":true,"href":"https:\/\/rcppm.org\/blog\/wp-json\/wp\/v2\/pages\/83"}],"wp:attachment":[{"href":"https:\/\/rcppm.org\/blog\/wp-json\/wp\/v2\/media?parent=3096"}],"curies":[{"name":"wp","href":"https:\/\/api.w.org\/{rel}","templated":true}]}}