{"id":3089,"date":"2019-05-23T11:49:36","date_gmt":"2019-05-23T09:49:36","guid":{"rendered":"http:\/\/rcppm.org\/blog\/?page_id=3089"},"modified":"2022-02-05T21:37:34","modified_gmt":"2022-02-05T19:37:34","slug":"actions-educatives","status":"publish","type":"page","link":"https:\/\/rcppm.org\/blog\/histoire-et-decouverte\/espace-ludique\/actions-educatives\/","title":{"rendered":"Actions \u00e9ducatives"},"content":{"rendered":"\n<h1 class=\"wp-block-heading\">Des visites coupl\u00e9es \u00e0 des ateliers<\/h1>\n\n\n\n<div class=\"wp-block-image\"><figure class=\"alignleft\"><img loading=\"lazy\" decoding=\"async\" width=\"996\" height=\"1437\" src=\"https:\/\/rcppm.org\/blog\/wp-content\/uploads\/2019\/06\/Activit\u00e9-visite-Capestang.png\" alt=\"\" class=\"wp-image-3479\" srcset=\"https:\/\/rcppm.org\/blog\/wp-content\/uploads\/2019\/06\/Activit\u00e9-visite-Capestang.png 996w, https:\/\/rcppm.org\/blog\/wp-content\/uploads\/2019\/06\/Activit\u00e9-visite-Capestang-208x300.png 208w, https:\/\/rcppm.org\/blog\/wp-content\/uploads\/2019\/06\/Activit\u00e9-visite-Capestang-768x1108.png 768w, https:\/\/rcppm.org\/blog\/wp-content\/uploads\/2019\/06\/Activit\u00e9-visite-Capestang-710x1024.png 710w\" sizes=\"auto, (max-width: 996px) 100vw, 996px\" \/><\/figure><\/div>\n\n\n\n<p><a href=\"https:\/\/www.cc-sud-herault.fr\/culture\/service-educatif\/presentation\/\" target=\"_blank\" rel=\"noreferrer noopener\">Le service \u00e9ducatif de la communaut\u00e9 de communes Sud-H\u00e9rault<\/a> assure toute l&rsquo;ann\u00e9e des visites coupl\u00e9es \u00e0 des ateliers autour des plafonds peints et du Moyen \u00c2ge. Elles ont lieu sur le territoire de la communaut\u00e9 de communes, en particulier au palais des archev\u00eaques de Capestang. Les enfants (scolaires et extrascolaires) d\u00e9couvrent le site le matin, puis sont invit\u00e9s \u00e0 mettre en pratique les connaissances acquises dans l&rsquo;apr\u00e8s-midi : cr\u00e9ation de closoirs, de bestiaires&#8230;<\/p>\n\n\n\n<p>Une belle initiation au patrimoine local et aux techniques de l&rsquo;\u00e9poque !<\/p>\n\n\n\n<div style=\"height:12px\" aria-hidden=\"true\" class=\"wp-block-spacer\"><\/div>\n\n\n<h1>Une vid\u00e9o sur les plafonds peints<\/h1>\n<p>De l&rsquo;\u00e9cole au ch\u00e2teau, une vid\u00e9o r\u00e9alis\u00e9e avec les classes de CM1-CM2 2009 de l&rsquo;\u00e9cole Fran\u00e7ois Mitterrand de Capestang.<\/p>\n<div class=\"embed-container\"><iframe src=\"https:\/\/www.youtube.com\/embed\/J6mQjdLy_g8\" frameborder=\"0\" allowfullscreen=\"allowfullscreen\" data-mce-fragment=\"1\"><\/iframe><\/div>\n<p>\u00a0<\/p>\n<h1>Un spectacle son et lumi\u00e8re<\/h1>\n<p><a href=\"https:\/\/rcppm.org\/blog\/wp-content\/uploads\/2019\/05\/Affiche-L\u00e9gende-de-l\u00e9tang.png\"><img loading=\"lazy\" decoding=\"async\" class=\"alignleft wp-image-3295 size-medium\" src=\"https:\/\/rcppm.org\/blog\/wp-content\/uploads\/2019\/05\/Affiche-L\u00e9gende-de-l\u00e9tang-211x300.png\" alt=\"Affiche du spectacle La L\u00e9gende de l'\u00e9tang 2019\" width=\"211\" height=\"300\" srcset=\"https:\/\/rcppm.org\/blog\/wp-content\/uploads\/2019\/05\/Affiche-L\u00e9gende-de-l\u00e9tang-211x300.png 211w, https:\/\/rcppm.org\/blog\/wp-content\/uploads\/2019\/05\/Affiche-L\u00e9gende-de-l\u00e9tang-768x1091.png 768w, https:\/\/rcppm.org\/blog\/wp-content\/uploads\/2019\/05\/Affiche-L\u00e9gende-de-l\u00e9tang-721x1024.png 721w, https:\/\/rcppm.org\/blog\/wp-content\/uploads\/2019\/05\/Affiche-L\u00e9gende-de-l\u00e9tang.png 901w\" sizes=\"auto, (max-width: 211px) 100vw, 211px\" \/><\/a>Pourquoi ne pas s&rsquo;inspirer des motifs d&rsquo;un plafond peint pour en tirer une toute nouvelle histoire ?<\/p>\n<p>C&rsquo;est ce qu&rsquo;a fait Christian Sal\u00e8s avec le plafond peint\u00a0du ch\u00e2teau de Capestang. Il en est n\u00e9 \u00ab\u00a0La l\u00e9gende de l&rsquo;\u00e9tang de Capestang\u00a0\u00bb, un spectacle son et lumi\u00e8re qui a connu plusieurs \u00e9ditions \u00e0 Capestang. N&rsquo;h\u00e9sitez pas \u00e0 vous renseigner sur la prochaine \u00e9dition&#8230;<\/p>\n<p>Il existe \u00e9galement une version sous forme de livre-DVD.<br \/><br style=\"clear: both;\" \/><\/p>\n<h1>Des ateliers p\u00e9dagogiques<\/h1>\n<p>La nuit des Mus\u00e9es 2017 de Narbonne a vu la classe\u00a0de 5e 5 du coll\u00e8ge Victor Hugo pr\u00e9senter un spectacle inspir\u00e9 par le travail fait tout au long de l\u2019ann\u00e9e avec leur professeur d\u2019histoire, \u00c8ve Guilhot-Curbili\u00e9, et accompagn\u00e9 par l\u2019Animation du Patrimoine et des Mus\u00e9es et les guides-conf\u00e9renciers de Narbonne, Ville d\u2019art et d\u2019histoire. <a href=\"https:\/\/rcppm.org\/blog\/2017\/06\/nuit-des-musees-\u2026ques-de-narbonne\/\">Lien vers l&rsquo;article d\u00e9di\u00e9<\/a>.<\/p>\n<p><a href=\"https:\/\/rcppm.org\/blog\/wp-content\/uploads\/2017\/06\/P1100765.jpg\"><img loading=\"lazy\" decoding=\"async\" class=\"alignnone size-large wp-image-2401\" src=\"https:\/\/rcppm.org\/blog\/wp-content\/uploads\/2017\/06\/P1100765-1024x768.jpg\" alt=\"P1100765\" width=\"584\" height=\"438\" srcset=\"https:\/\/rcppm.org\/blog\/wp-content\/uploads\/2017\/06\/P1100765-1024x768.jpg 1024w, https:\/\/rcppm.org\/blog\/wp-content\/uploads\/2017\/06\/P1100765-300x225.jpg 300w, https:\/\/rcppm.org\/blog\/wp-content\/uploads\/2017\/06\/P1100765-768x576.jpg 768w, https:\/\/rcppm.org\/blog\/wp-content\/uploads\/2017\/06\/P1100765-400x300.jpg 400w\" sizes=\"auto, (max-width: 584px) 100vw, 584px\" \/><\/a><\/p>","protected":false},"excerpt":{"rendered":"<p>Des visites coupl\u00e9es \u00e0 des ateliers Le service \u00e9ducatif de la communaut\u00e9 de communes Sud-H\u00e9rault assure toute l&rsquo;ann\u00e9e des visites coupl\u00e9es \u00e0 des ateliers autour&#46;&#46;&#46;<\/p>\n","protected":false},"author":11,"featured_media":0,"parent":1063,"menu_order":3,"comment_status":"closed","ping_status":"closed","template":"","meta":{"footnotes":"","_links_to":"","_links_to_target":""},"class_list":["post-3089","page","type-page","status-publish","hentry"],"_links":{"self":[{"href":"https:\/\/rcppm.org\/blog\/wp-json\/wp\/v2\/pages\/3089","targetHints":{"allow":["GET"]}}],"collection":[{"href":"https:\/\/rcppm.org\/blog\/wp-json\/wp\/v2\/pages"}],"about":[{"href":"https:\/\/rcppm.org\/blog\/wp-json\/wp\/v2\/types\/page"}],"author":[{"embeddable":true,"href":"https:\/\/rcppm.org\/blog\/wp-json\/wp\/v2\/users\/11"}],"replies":[{"embeddable":true,"href":"https:\/\/rcppm.org\/blog\/wp-json\/wp\/v2\/comments?post=3089"}],"version-history":[{"count":6,"href":"https:\/\/rcppm.org\/blog\/wp-json\/wp\/v2\/pages\/3089\/revisions"}],"predecessor-version":[{"id":4992,"href":"https:\/\/rcppm.org\/blog\/wp-json\/wp\/v2\/pages\/3089\/revisions\/4992"}],"up":[{"embeddable":true,"href":"https:\/\/rcppm.org\/blog\/wp-json\/wp\/v2\/pages\/1063"}],"wp:attachment":[{"href":"https:\/\/rcppm.org\/blog\/wp-json\/wp\/v2\/media?parent=3089"}],"curies":[{"name":"wp","href":"https:\/\/api.w.org\/{rel}","templated":true}]}}