{"id":2329,"date":"2016-11-09T13:00:09","date_gmt":"2016-11-09T11:00:09","guid":{"rendered":"http:\/\/rcppm.org\/blog\/?page_id=2329"},"modified":"2019-05-23T10:52:40","modified_gmt":"2019-05-23T08:52:40","slug":"comment-participer-a-la-connaissance-des-plafonds-peints","status":"publish","type":"page","link":"https:\/\/rcppm.org\/blog\/participer-plafonds-peints\/comment-participer-a-la-connaissance-des-plafonds-peints\/","title":{"rendered":"Comment contribuer \u00e0 la connaissance des plafonds peints ?"},"content":{"rendered":"<p><strong>Je connais un plafond qui n&rsquo;est pas sur la carte !<\/strong><\/p>\n<p>Je peux le rajouter gr\u00e2ce \u00e0 ce petit tutoriel, en cliquant <a href=\"https:\/\/rcppm.org\/blog\/pro-et-chercheurs\/la-carte-interactive-des-plafonds\/\">ici<\/a>.<\/p>\n<p><strong>Je connais un plafond qui n&rsquo;a pas de notice !<\/strong><\/p>\n<p>Je peux r\u00e9diger la notice d&rsquo;un plafond en suivant les conseils d\u00e9crits ci-dessous :<\/p>\n<p>[<em>Notre mod\u00e8le de notice est en cours d&rsquo;actualisation, n&rsquo;h\u00e9sitez pas \u00e0 nous contacter directement si vous souhaitez participer en cliquant <a href=\"https:\/\/rcppm.org\/blog\/lassociation-rcppm\/contact\/\">ici<\/a>.<\/em>]<\/p>\n<p>&nbsp;<\/p>\n","protected":false},"excerpt":{"rendered":"<p>Je connais un plafond qui n&rsquo;est pas sur la carte ! Je peux le rajouter gr\u00e2ce \u00e0 ce petit tutoriel, en cliquant ici. Je connais&#46;&#46;&#46;<\/p>\n","protected":false},"author":1,"featured_media":0,"parent":3116,"menu_order":1,"comment_status":"closed","ping_status":"closed","template":"","meta":{"footnotes":"","_links_to":"","_links_to_target":""},"class_list":["post-2329","page","type-page","status-publish","hentry"],"_links":{"self":[{"href":"https:\/\/rcppm.org\/blog\/wp-json\/wp\/v2\/pages\/2329","targetHints":{"allow":["GET"]}}],"collection":[{"href":"https:\/\/rcppm.org\/blog\/wp-json\/wp\/v2\/pages"}],"about":[{"href":"https:\/\/rcppm.org\/blog\/wp-json\/wp\/v2\/types\/page"}],"author":[{"embeddable":true,"href":"https:\/\/rcppm.org\/blog\/wp-json\/wp\/v2\/users\/1"}],"replies":[{"embeddable":true,"href":"https:\/\/rcppm.org\/blog\/wp-json\/wp\/v2\/comments?post=2329"}],"version-history":[{"count":5,"href":"https:\/\/rcppm.org\/blog\/wp-json\/wp\/v2\/pages\/2329\/revisions"}],"predecessor-version":[{"id":3142,"href":"https:\/\/rcppm.org\/blog\/wp-json\/wp\/v2\/pages\/2329\/revisions\/3142"}],"up":[{"embeddable":true,"href":"https:\/\/rcppm.org\/blog\/wp-json\/wp\/v2\/pages\/3116"}],"wp:attachment":[{"href":"https:\/\/rcppm.org\/blog\/wp-json\/wp\/v2\/media?parent=2329"}],"curies":[{"name":"wp","href":"https:\/\/api.w.org\/{rel}","templated":true}]}}