{"id":2155,"date":"2016-01-22T23:28:39","date_gmt":"2016-01-22T21:28:39","guid":{"rendered":"http:\/\/rcppm.org\/blog\/?page_id=2155"},"modified":"2021-01-25T14:40:54","modified_gmt":"2021-01-25T12:40:54","slug":"pour-en-savoir-plus","status":"publish","type":"page","link":"https:\/\/rcppm.org\/blog\/histoire-et-decouverte\/espace-ludique\/pour-en-savoir-plus\/","title":{"rendered":"Pour en savoir plus !"},"content":{"rendered":"<p>Pour les enfants et les grands curieux de d\u00e9couvrir les plafonds peints de fa\u00e7on plus l\u00e9g\u00e8re, la RCPPM propose, en collaboration avec la DRAC Occitanie :<\/p>\n<p><a href=\"https:\/\/rcppm.org\/blog\/wp-content\/uploads\/2021\/01\/Duo_Plafonds_peints_Capestang_2020_09.pdf\" target=\"_blank\" rel=\"noopener noreferrer\"><img loading=\"lazy\" decoding=\"async\" class=\"aligncenter wp-image-4411 size-full\" src=\"https:\/\/rcppm.org\/blog\/wp-content\/uploads\/2021\/01\/Couv_Duo_plafonds_peints_Capestang_2020_09.jpg\" alt=\"\" width=\"2953\" height=\"2126\" srcset=\"https:\/\/rcppm.org\/blog\/wp-content\/uploads\/2021\/01\/Couv_Duo_plafonds_peints_Capestang_2020_09.jpg 2953w, https:\/\/rcppm.org\/blog\/wp-content\/uploads\/2021\/01\/Couv_Duo_plafonds_peints_Capestang_2020_09-300x216.jpg 300w, https:\/\/rcppm.org\/blog\/wp-content\/uploads\/2021\/01\/Couv_Duo_plafonds_peints_Capestang_2020_09-768x553.jpg 768w, https:\/\/rcppm.org\/blog\/wp-content\/uploads\/2021\/01\/Couv_Duo_plafonds_peints_Capestang_2020_09-1024x737.jpg 1024w\" sizes=\"auto, (max-width: 2953px) 100vw, 2953px\" \/><\/a><\/p>\n<blockquote><p><em>Le ch\u00e2teau de Capestang, un plafond plein d&rsquo;images<\/em>, Montpellier, DRAC, 2020.<\/p><\/blockquote>\n<p>Disponible gratuitement \u00e0 l&rsquo;accueil de la DRAC Occitanie, il est \u00e9galement t\u00e9l\u00e9chargeable en cliquant sur l&rsquo;image ou ici : <a href=\"https:\/\/www.culture.gouv.fr\/Regions\/Drac-Occitanie\/Ressources-documentaires\/Publications\/Collection-DUO\/Le-chateau-de-Capestang-un-plafond-plein-d-images\" target=\"_blank\" rel=\"noopener noreferrer\">Le ch\u00e2teau de Capestang, un plafond plein d&rsquo;images<\/a>.<\/p>\n<p>Il s&rsquo;agit de la version revue et augment\u00e9e du Duo enfant propos\u00e9 par la DRAC et la RCPPM (premi\u00e8re version : 2015). D\u00e9sormais centr\u00e9 autour du plafond de Capestang, il reste un excellent moyen de d\u00e9couvrir les plafonds peints de fa\u00e7on g\u00e9n\u00e9rale. N&rsquo;h\u00e9sitez pas \u00e0 aller d\u00e9couvrir les actions men\u00e9es pour mettre en valeur les plafonds peints de la r\u00e9gion !<\/p>\n<hr \/>\n<p>La version 2015 reste disponible en cliquant sur l&rsquo;image ci-dessous :<\/p>\n<p><a href=\"https:\/\/rcppm.org\/blog\/wp-content\/uploads\/2016\/01\/MEP-duo-enfants-plafonds-peints-051.pdf\" target=\"_blank\" rel=\"noopener noreferrer\"><img loading=\"lazy\" decoding=\"async\" class=\"aligncenter size-full wp-image-2159\" src=\"https:\/\/rcppm.org\/blog\/wp-content\/uploads\/2016\/01\/Image2.png\" alt=\"Duo Enfants\" width=\"1290\" height=\"929\" srcset=\"https:\/\/rcppm.org\/blog\/wp-content\/uploads\/2016\/01\/Image2.png 1290w, https:\/\/rcppm.org\/blog\/wp-content\/uploads\/2016\/01\/Image2-768x553.png 768w, https:\/\/rcppm.org\/blog\/wp-content\/uploads\/2016\/01\/Image2-300x216.png 300w, https:\/\/rcppm.org\/blog\/wp-content\/uploads\/2016\/01\/Image2-1024x737.png 1024w, https:\/\/rcppm.org\/blog\/wp-content\/uploads\/2016\/01\/Image2-417x300.png 417w\" sizes=\"auto, (max-width: 1290px) 100vw, 1290px\" \/><\/a><\/p>\n<blockquote><p><em>Des plafonds pleins d&rsquo;images, <\/em>Montpellier, DRAC, 2015.<\/p><\/blockquote>\n","protected":false},"excerpt":{"rendered":"<p>Pour les enfants et les grands curieux de d\u00e9couvrir les plafonds peints de fa\u00e7on plus l\u00e9g\u00e8re, la RCPPM propose, en collaboration avec la DRAC Occitanie&#46;&#46;&#46;<\/p>\n","protected":false},"author":5,"featured_media":0,"parent":1063,"menu_order":1,"comment_status":"closed","ping_status":"closed","template":"","meta":{"footnotes":"","_links_to":"","_links_to_target":""},"class_list":["post-2155","page","type-page","status-publish","hentry"],"_links":{"self":[{"href":"https:\/\/rcppm.org\/blog\/wp-json\/wp\/v2\/pages\/2155","targetHints":{"allow":["GET"]}}],"collection":[{"href":"https:\/\/rcppm.org\/blog\/wp-json\/wp\/v2\/pages"}],"about":[{"href":"https:\/\/rcppm.org\/blog\/wp-json\/wp\/v2\/types\/page"}],"author":[{"embeddable":true,"href":"https:\/\/rcppm.org\/blog\/wp-json\/wp\/v2\/users\/5"}],"replies":[{"embeddable":true,"href":"https:\/\/rcppm.org\/blog\/wp-json\/wp\/v2\/comments?post=2155"}],"version-history":[{"count":8,"href":"https:\/\/rcppm.org\/blog\/wp-json\/wp\/v2\/pages\/2155\/revisions"}],"predecessor-version":[{"id":4413,"href":"https:\/\/rcppm.org\/blog\/wp-json\/wp\/v2\/pages\/2155\/revisions\/4413"}],"up":[{"embeddable":true,"href":"https:\/\/rcppm.org\/blog\/wp-json\/wp\/v2\/pages\/1063"}],"wp:attachment":[{"href":"https:\/\/rcppm.org\/blog\/wp-json\/wp\/v2\/media?parent=2155"}],"curies":[{"name":"wp","href":"https:\/\/api.w.org\/{rel}","templated":true}]}}