{"id":1971,"date":"2015-06-06T23:35:23","date_gmt":"2015-06-06T21:35:23","guid":{"rendered":"http:\/\/rcppm.org\/blog\/?page_id=1971"},"modified":"2021-05-19T12:24:42","modified_gmt":"2021-05-19T10:24:42","slug":"carte-interactive-des-plafonds-peints-medievaux","status":"publish","type":"page","link":"https:\/\/rcppm.org\/blog\/histoire-et-decouverte\/carte-interactive-des-plafonds-peints-medievaux\/","title":{"rendered":"Carte interactive des plafonds peints m\u00e9di\u00e9vaux"},"content":{"rendered":"<p><span style=\"color: #333333;\">La carte interactive des plafonds peints m\u00e9di\u00e9vaux est en cours de construction, et elle a besoin de vous&nbsp;!<\/span><\/p>\n<p><span style=\"color: #333333;\">\u00c9tablir une cartographie des plafonds peints m\u00e9di\u00e9vaux est n\u00e9cessaire afin d\u2019appr\u00e9hender la diffusion europ\u00e9enne de ce ph\u00e9nom\u00e8ne et de d\u00e9passer la fragmentation nationale ou r\u00e9gionale des \u00e9tudes men\u00e9es sur le sujet.<\/span><\/p>\n<p><span style=\"color: #333333;\">Pour ce faire, la RCPPM a choisi le format d\u2019une carte num\u00e9rique h\u00e9berg\u00e9e par le site uMap, site de cartographie en ligne utilisant les ressources d\u2019OpenStreetMap. Cette carte a pour objectif le recensement exhaustif de tous les plafonds peints m\u00e9di\u00e9vaux connus (conserv\u00e9s comme disparus), sous une forme collaborative et modifiable. Ces deux aspects sont d\u00e9terminants pour rendre compte de la dimension collective de cette enqu\u00eate, comme de l\u2019\u00e9volution permanente des recherches sur le sujet.<\/span><\/p>\n<p><span style=\"color: #333333;\">Pour comprendre le fonctionnement de la carte et participer \u00e0 ce recensement, cliquez sur les liens ci-dessous pour acc\u00e9der au tutoriel (divis\u00e9 en deux parties pour faciliter son utilisation) :<\/span><\/p>\n<p><a href=\"https:\/\/rcppm.org\/blog\/wp-content\/uploads\/2017\/03\/Manuel-pour-\u00e9diteurs-uMap-Carte-des-charpentes-et-plafonds-peints-m\u00e9di\u00e9vaux-Pr\u00e9sentation-et-inscription-I.pdf\">Manuel pour \u00e9diteurs uMap &#8211; Carte des charpentes et plafonds peints m\u00e9di\u00e9vaux &#8211; Pr\u00e9sentation et inscription (I)<\/a><\/p>\n<p><a href=\"https:\/\/rcppm.org\/blog\/wp-content\/uploads\/2017\/03\/Manuel-pour-\u00e9diteurs-uMap-Carte-des-charpentes-et-plafonds-peints-m\u00e9di\u00e9vaux-Guide-dutilisation-II.pdf\">Manuel pour \u00e9diteurs uMap &#8211; Carte des charpentes et plafonds peints m\u00e9di\u00e9vaux &#8211; Guide d&rsquo;utilisation (II)<\/a><\/p>\n<p>&nbsp;<\/p>\n<style>.embed-container { position: relative; padding-bottom: 56.25%; height: 0; overflow: hidden; max-width: 100%; } .embed-container iframe, .embed-container object, .embed-container embed { position: absolute; top: 0; left: 0; width: 100%; height: 100%; }<\/style>\n<div class=\"embed-container\"><iframe loading=\"lazy\" width=\"100%\" height=\"300px\" frameborder=\"0\" allowfullscreen=\"\" src=\"\/\/umap.openstreetmap.fr\/fr\/map\/carte-des-charpentes-et-plafonds-peints-medievaux_39839?scaleControl=false&amp;miniMap=false&amp;scrollWheelZoom=true&amp;zoomControl=true&amp;allowEdit=false&amp;moreControl=false&amp;searchControl=true&amp;tilelayersControl=null&amp;embedControl=null&amp;datalayersControl=true&amp;onLoadPanel=caption&amp;captionBar=true&amp;fullscreenControl=true#5\/42.733\/11.438\"><\/iframe><a href=\"\/\/umap.openstreetmap.fr\/fr\/map\/carte-des-charpentes-et-plafonds-peints-medievaux_39839\">Voir en plein \u00e9cran<\/a><\/p>\n<\/div>\n<p><a href=\"http:\/\/umap.openstreetmap.fr\/fr\/map\/carte-des-charpentes-et-plafonds-peints-medievaux_39839\">Voir en plein \u00e9cran<\/a><\/p>\n","protected":false},"excerpt":{"rendered":"<p>La carte interactive des plafonds peints m\u00e9di\u00e9vaux est en cours de construction, et elle a besoin de vous&nbsp;! \u00c9tablir une cartographie des plafonds peints m\u00e9di\u00e9vaux&#46;&#46;&#46;<\/p>\n","protected":false},"author":1,"featured_media":0,"parent":83,"menu_order":3,"comment_status":"closed","ping_status":"closed","template":"","meta":{"footnotes":"","_links_to":"","_links_to_target":""},"class_list":["post-1971","page","type-page","status-publish","hentry"],"_links":{"self":[{"href":"https:\/\/rcppm.org\/blog\/wp-json\/wp\/v2\/pages\/1971","targetHints":{"allow":["GET"]}}],"collection":[{"href":"https:\/\/rcppm.org\/blog\/wp-json\/wp\/v2\/pages"}],"about":[{"href":"https:\/\/rcppm.org\/blog\/wp-json\/wp\/v2\/types\/page"}],"author":[{"embeddable":true,"href":"https:\/\/rcppm.org\/blog\/wp-json\/wp\/v2\/users\/1"}],"replies":[{"embeddable":true,"href":"https:\/\/rcppm.org\/blog\/wp-json\/wp\/v2\/comments?post=1971"}],"version-history":[{"count":7,"href":"https:\/\/rcppm.org\/blog\/wp-json\/wp\/v2\/pages\/1971\/revisions"}],"predecessor-version":[{"id":4585,"href":"https:\/\/rcppm.org\/blog\/wp-json\/wp\/v2\/pages\/1971\/revisions\/4585"}],"up":[{"embeddable":true,"href":"https:\/\/rcppm.org\/blog\/wp-json\/wp\/v2\/pages\/83"}],"wp:attachment":[{"href":"https:\/\/rcppm.org\/blog\/wp-json\/wp\/v2\/media?parent=1971"}],"curies":[{"name":"wp","href":"https:\/\/api.w.org\/{rel}","templated":true}]}}