{"id":1063,"date":"2012-10-06T20:53:29","date_gmt":"2012-10-06T18:53:29","guid":{"rendered":"http:\/\/rcppm.org\/blog\/?page_id=1063"},"modified":"2022-02-05T21:25:18","modified_gmt":"2022-02-05T19:25:18","slug":"espace-ludique","status":"publish","type":"page","link":"https:\/\/rcppm.org\/blog\/histoire-et-decouverte\/espace-ludique\/","title":{"rendered":"Jeune public"},"content":{"rendered":"<p>Les plafonds peints, leurs d\u00e9cors, leurs couleurs, leurs sujets nourrissent notre imaginaire,&nbsp;celui des \u00e9coliers, des coll\u00e9giens et celui des plus grands. Animations, jeux, coloriages, vous trouverez dans cet espace quelques exemples de cross-over temporels, o\u00f9 les nouvelles technologies (et les moins nouvelles), s&#8217;emparent de ces t\u00e9moignages du pass\u00e9 pour embellir et animer notre modernit\u00e9.<\/p>\n<p>&nbsp;<\/p>\n<p><a href=\"https:\/\/rcppm.org\/blog\/espace-ludique\/pour-en-savoir-plus\/\">Pour en savoir plus !<\/a><\/p>\n<p><a href=\"https:\/\/rcppm.org\/blog\/espace-ludique\/videos-plafonds-peints-enfants\/\">Les plafonds peints prennent vie<\/a><\/p>\n<p><a href=\"https:\/\/rcppm.org\/blog\/espace-ludique\/actions-educatives\/\">Actions \u00e9ducatives<\/a><\/p>\n<p><a href=\"https:\/\/rcppm.org\/blog\/espace-ludique\/jeux-coloriages\/\">Jeux et coloriages<\/a><\/p>\n","protected":false},"excerpt":{"rendered":"<p>Les plafonds peints, leurs d\u00e9cors, leurs couleurs, leurs sujets nourrissent notre imaginaire,&nbsp;celui des \u00e9coliers, des coll\u00e9giens et celui des plus grands. Animations, jeux, coloriages, vous&#46;&#46;&#46;<\/p>\n","protected":false},"author":4,"featured_media":0,"parent":83,"menu_order":5,"comment_status":"open","ping_status":"closed","template":"","meta":{"footnotes":"","_links_to":"","_links_to_target":""},"class_list":["post-1063","page","type-page","status-publish","hentry"],"_links":{"self":[{"href":"https:\/\/rcppm.org\/blog\/wp-json\/wp\/v2\/pages\/1063","targetHints":{"allow":["GET"]}}],"collection":[{"href":"https:\/\/rcppm.org\/blog\/wp-json\/wp\/v2\/pages"}],"about":[{"href":"https:\/\/rcppm.org\/blog\/wp-json\/wp\/v2\/types\/page"}],"author":[{"embeddable":true,"href":"https:\/\/rcppm.org\/blog\/wp-json\/wp\/v2\/users\/4"}],"replies":[{"embeddable":true,"href":"https:\/\/rcppm.org\/blog\/wp-json\/wp\/v2\/comments?post=1063"}],"version-history":[{"count":7,"href":"https:\/\/rcppm.org\/blog\/wp-json\/wp\/v2\/pages\/1063\/revisions"}],"predecessor-version":[{"id":4989,"href":"https:\/\/rcppm.org\/blog\/wp-json\/wp\/v2\/pages\/1063\/revisions\/4989"}],"up":[{"embeddable":true,"href":"https:\/\/rcppm.org\/blog\/wp-json\/wp\/v2\/pages\/83"}],"wp:attachment":[{"href":"https:\/\/rcppm.org\/blog\/wp-json\/wp\/v2\/media?parent=1063"}],"curies":[{"name":"wp","href":"https:\/\/api.w.org\/{rel}","templated":true}]}}