{"id":100,"date":"2010-05-10T15:31:45","date_gmt":"2010-05-10T13:31:45","guid":{"rendered":"http:\/\/rcppm.org\/blog\/?page_id=100"},"modified":"2023-04-29T17:53:41","modified_gmt":"2023-04-29T15:53:41","slug":"documents","status":"publish","type":"page","link":"https:\/\/rcppm.org\/blog\/lassociation-rcppm\/documents\/","title":{"rendered":"Documents"},"content":{"rendered":"<p><strong>A t\u00e9l\u00e9charger<\/strong><\/p>\n<p>Bulletin :<a href=\"http:\/\/www.rcppm.org\/download\/bulletin_adhesion.pdf\" target=\"_blank\" rel=\"noopener noreferrer\"><br \/>\n<\/a><\/p>\n<ul>\n<li><a href=\"https:\/\/rcppm.org\/blog\/wp-content\/uploads\/2023\/04\/Bulletin-dadhesion-RCPPM.docx\" target=\"_blank\" rel=\"noopener\">bulletin d&rsquo;adh\u00e9sion<\/a><\/li>\n<\/ul>\n<p>Compte-rendus de l&rsquo;Assembl\u00e9e G\u00e9n\u00e9rale :<\/p>\n<ul>\n<li><a href=\"https:\/\/rcppm.org\/blog\/wp-content\/uploads\/2021\/01\/PV-sign\u00e9-AG-2020.pdf\">compte-rendu de l&rsquo;Assembl\u00e9e G\u00e9n\u00e9rale 2020<\/a><\/li>\n<li><a href=\"https:\/\/rcppm.org\/blog\/wp-content\/uploads\/2019\/10\/PV-AG-2019.pdf\">compte-rendu de l&rsquo;Assembl\u00e9e G\u00e9n\u00e9rale 2019<\/a><\/li>\n<li><a href=\"https:\/\/rcppm.org\/blog\/wp-content\/uploads\/2018\/11\/PV-AG-2018.pdf\">compte-rendu de l&rsquo;Assembl\u00e9e G\u00e9n\u00e9rale 2018<\/a><\/li>\n<li><a href=\"https:\/\/rcppm.org\/blog\/wp-content\/uploads\/2018\/11\/PV-AG-2017.pdf\">compte-rendu de l&rsquo;Assembl\u00e9e G\u00e9n\u00e9rale 2017<\/a><\/li>\n<li><a href=\"https:\/\/rcppm.org\/blog\/wp-content\/uploads\/2018\/11\/PV-AG-2016.pdf\">compte-rendu de l&rsquo;Assembl\u00e9e G\u00e9n\u00e9rale 2016<\/a><\/li>\n<li><a href=\"https:\/\/rcppm.org\/blog\/wp-content\/uploads\/2015\/11\/Proc\u00e8s-Verbal-20105.pdf\" target=\"_blank\" rel=\"noopener noreferrer\">compte-rendu de l&rsquo;Assembl\u00e9e G\u00e9n\u00e9rale 2015<\/a><\/li>\n<li><a href=\"https:\/\/rcppm.org\/blog\/wp-content\/uploads\/2014\/10\/PV-2014-RCPPM.pdf\" target=\"_blank\" rel=\"noopener noreferrer\">compte-rendu de l&rsquo;Assembl\u00e9e G\u00e9n\u00e9rale 2014<\/a><\/li>\n<li><a href=\"https:\/\/rcppm.org\/blog\/wp-content\/uploads\/2013\/11\/Compte-rendu-de-lAG-2013.pdf\">compte-rendu de l&rsquo;Assembl\u00e9e G\u00e9n\u00e9rale 2013<\/a><\/li>\n<li><a href=\"https:\/\/rcppm.org\/blog\/wp-content\/uploads\/2010\/05\/CR-Assembl\u00e9e-G\u00e9n\u00e9rale-ordinaire-2012-revu-le-10-juillet.pdf\">compte-rendu de l&rsquo;Assembl\u00e9e G\u00e9n\u00e9rale 2012<\/a><\/li>\n<li><a href=\"http:\/\/www.rcppm.org\/download\/AG-RCPPM2011.pdf\" target=\"_blank\" rel=\"noopener noreferrer\">compte-rendu de l&rsquo;Assembl\u00e9e G\u00e9n\u00e9rale 2011<\/a><\/li>\n<li><a href=\"http:\/\/www.rcppm.org\/download\/AG2010.pdf\" target=\"_blank\" rel=\"noopener noreferrer\">compte-rendu de l&rsquo;Assembl\u00e9e G\u00e9n\u00e9rale 2010<\/a><\/li>\n<li><a href=\"http:\/\/www.rcppm.org\/download\/AG2009.pdf\" target=\"_blank\" rel=\"noopener noreferrer\">compte-rendu de l&rsquo;Assembl\u00e9e G\u00e9n\u00e9rale 2009<\/a><\/li>\n<\/ul>\n<p><a title=\"Statuts RCPPM (mai 2012)\" href=\"https:\/\/rcppm.org\/blog\/wp-content\/uploads\/2013\/10\/Statuts-RCPPM-mai-2012.pdf\">Statuts<\/a><\/p>\n","protected":false},"excerpt":{"rendered":"<p>A t\u00e9l\u00e9charger Bulletin : bulletin d&rsquo;adh\u00e9sion Compte-rendus de l&rsquo;Assembl\u00e9e G\u00e9n\u00e9rale : compte-rendu de l&rsquo;Assembl\u00e9e G\u00e9n\u00e9rale 2020 compte-rendu de l&rsquo;Assembl\u00e9e G\u00e9n\u00e9rale 2019 compte-rendu de l&rsquo;Assembl\u00e9e G\u00e9n\u00e9rale&#46;&#46;&#46;<\/p>\n","protected":false},"author":1,"featured_media":0,"parent":85,"menu_order":5,"comment_status":"closed","ping_status":"closed","template":"","meta":{"footnotes":"","_links_to":"","_links_to_target":""},"class_list":["post-100","page","type-page","status-publish","hentry"],"_links":{"self":[{"href":"https:\/\/rcppm.org\/blog\/wp-json\/wp\/v2\/pages\/100","targetHints":{"allow":["GET"]}}],"collection":[{"href":"https:\/\/rcppm.org\/blog\/wp-json\/wp\/v2\/pages"}],"about":[{"href":"https:\/\/rcppm.org\/blog\/wp-json\/wp\/v2\/types\/page"}],"author":[{"embeddable":true,"href":"https:\/\/rcppm.org\/blog\/wp-json\/wp\/v2\/users\/1"}],"replies":[{"embeddable":true,"href":"https:\/\/rcppm.org\/blog\/wp-json\/wp\/v2\/comments?post=100"}],"version-history":[{"count":41,"href":"https:\/\/rcppm.org\/blog\/wp-json\/wp\/v2\/pages\/100\/revisions"}],"predecessor-version":[{"id":5710,"href":"https:\/\/rcppm.org\/blog\/wp-json\/wp\/v2\/pages\/100\/revisions\/5710"}],"up":[{"embeddable":true,"href":"https:\/\/rcppm.org\/blog\/wp-json\/wp\/v2\/pages\/85"}],"wp:attachment":[{"href":"https:\/\/rcppm.org\/blog\/wp-json\/wp\/v2\/media?parent=100"}],"curies":[{"name":"wp","href":"https:\/\/api.w.org\/{rel}","templated":true}]}}